{"id":223,"date":"2026-02-23T09:24:27","date_gmt":"2026-02-23T09:24:27","guid":{"rendered":"https:\/\/chenabogados.com\/servicios\/"},"modified":"2026-02-23T17:02:29","modified_gmt":"2026-02-23T17:02:29","slug":"servicios","status":"publish","type":"page","link":"https:\/\/chenabogados.com\/en\/servicios\/","title":{"rendered":"Servicios"},"content":{"rendered":"\t\t<div data-elementor-type=\"wp-page\" data-elementor-id=\"223\" class=\"elementor elementor-223\">\n\t\t\t\t<div class=\"elementor-element elementor-element-q06m2oet e-con-full twbb_section twbb_full_h e-flex e-con e-parent\" data-id=\"q06m2oet\" data-element_type=\"container\" id=\"wide-range-of-legal-services\">\n\t\t\t\t<div class=\"elementor-element elementor-element-l6xbwp1a elementor-widget__width-initial elementor-widget-mobile__width-inherit elementor-widget-tablet__width-initial elementor-widget elementor-widget-image\" data-id=\"l6xbwp1a\" data-element_type=\"widget\" data-widget_type=\"image.default\">\n\t\t\t\t\t\t\t\t\t\t\t\t\t\t\t<img fetchpriority=\"high\" decoding=\"async\" width=\"1024\" height=\"1024\" src=\"https:\/\/chenabogados.com\/wp-content\/uploads\/2026\/02\/tenweb_media_sywypwyty.webp\" class=\"attachment-full size-full wp-image-196\" alt=\"\" srcset=\"https:\/\/chenabogados.com\/wp-content\/uploads\/2026\/02\/tenweb_media_sywypwyty.webp 1024w, https:\/\/chenabogados.com\/wp-content\/uploads\/2026\/02\/tenweb_media_sywypwyty-768x768.webp 768w\" sizes=\"(max-width: 1024px) 100vw, 1024px\" \/>\t\t\t\t\t\t\t\t\t\t\t\t\t\t\t<\/div>\n\t\t<div class=\"elementor-element elementor-element-fdg78qzg e-con-full e-flex e-con e-child\" data-id=\"fdg78qzg\" data-element_type=\"container\">\n\t\t\t\t<div class=\"elementor-element elementor-element-mgwgvb7s elementor-widget__width-initial elementor-widget-mobile__width-inherit elementor-widget-tablet__width-initial twbb-headline--style-highlight elementor-widget elementor-widget-twbbanimated-headline\" data-id=\"mgwgvb7s\" data-element_type=\"widget\" data-settings=\"{&quot;highlighted_text&quot;:&quot;Desaf\\u00edos Legales&quot;,&quot;marker&quot;:&quot;underline_zigzag&quot;,&quot;headline_style&quot;:&quot;highlight&quot;}\" data-widget_type=\"twbbanimated-headline.default\">\n\t\t\t\t<div class=\"elementor-widget-container\">\n\t\t\t\t\t    <h1 class=\"twbb-headline\">\n          <span class=\"twbb-headline-plain-text twbb-headline-text-wrapper\">Sus <\/span>\n        <span class=\"twbb-headline-dynamic-wrapper twbb-headline-text-wrapper\"><\/span>\n          <span class=\"twbb-headline-plain-text twbb-headline-text-wrapper\">, Nuestra Experiencia.<\/span>\n        <\/h1>\n    \t\t\t\t<\/div>\n\t\t\t\t<\/div>\n\t\t\t\t<div class=\"elementor-element elementor-element-cjpdqc17 elementor-widget__width-initial elementor-widget-mobile__width-inherit elementor-widget-tablet__width-initial elementor-invisible elementor-widget elementor-widget-text-editor\" data-id=\"cjpdqc17\" data-element_type=\"widget\" data-settings=\"{&quot;_animation&quot;:&quot;fadeInUp&quot;}\" data-widget_type=\"text-editor.default\">\n\t\t\t\t\t\t\t\t\t<p>En Chen Abogados, entendemos que navegar por el panorama legal puede ser complejo. Por eso ofrecemos una amplia gama de servicios legales dise\u00f1ados para satisfacer sus necesidades espec\u00edficas. Desde derecho fiscal y mercantil hasta derecho laboral, administrativo e internacional, nuestro equipo de abogados experimentados est\u00e1 aqu\u00ed para proporcionarle soluciones personalizadas y orientaci\u00f3n experta en cada paso del camino.<\/p>\t\t\t\t\t\t\t\t<\/div>\n\t\t\t\t<div class=\"elementor-element elementor-element-jrihhh7c elementor-widget__width-initial elementor-widget-mobile__width-inherit elementor-widget-tablet__width-initial elementor-mobile-button-align-stretch elementor-button-align-center elementor-invisible elementor-widget elementor-widget-twbb_form\" data-id=\"jrihhh7c\" data-element_type=\"widget\" data-settings=\"{&quot;_animation&quot;:&quot;fadeInUp&quot;,&quot;button_width&quot;:&quot;25&quot;,&quot;step_next_label&quot;:&quot;Next&quot;,&quot;step_previous_label&quot;:&quot;Previous&quot;,&quot;step_type&quot;:&quot;number_text&quot;,&quot;step_icon_shape&quot;:&quot;circle&quot;}\" data-widget_type=\"twbb_form.default\">\n\t\t\t\t<div class=\"elementor-widget-container\">\n\t\t\t\t\t\t\t<form class=\"elementor-form\" method=\"post\" >\n\t\t\t<input type=\"hidden\" name=\"post_id\" value=\"223\"\/>\n\t\t\t<input type=\"hidden\" name=\"form_id\" value=\"jrihhh7c\"\/>\n\t\t\t<input type=\"hidden\" name=\"referer_title\" value=\"Chen Abogados\" \/>\n\n\t\t\t\n\t\t\t<div class=\"elementor-form-fields-wrapper elementor-labels-\">\n\t\t\t\t\t\t\t\t<div class=\"elementor-field-type-email elementor-field-group elementor-column elementor-field-group-email elementor-col-66 elementor-field-required\">\n\t\t\t\t\t\t\t\t\t\t\t\t<label for=\"form-field-email\" class=\"elementor-field-label elementor-screen-only\">\n\t\t\t\t\t\t\t\tCorreo electr\u00f3nico\t\t\t\t\t\t\t<\/label>\n\t\t\t\t\t\t\t\t\t\t\t\t\t\t<input size=\"1\" type=\"email\" name=\"form_fields[email]\" id=\"form-field-email\" class=\"elementor-field elementor-size-sm  elementor-field-textual\" placeholder=\"Enter your email\" required=\"required\" aria-required=\"true\">\n\t\t\t\t\t\t\t\t\t\t\t<\/div>\n\t\t\t\t\t\t\t\t<div class=\"elementor-field-group elementor-column elementor-field-type-submit elementor-col-25 e-form__buttons\">\n\t\t\t\t\t<button type=\"submit\" class=\"elementor-button\">\n\t\t\t\t\t\t<span >\n\t\t\t\t\t\t\t\t\t\t\t\t\t\t\t<span class=\" elementor-button-icon\">\n\t\t\t\t\t\t\t\t\t\t\t\t\t\t\t\t\t\t\t\t\t\t\t\t\t\t<\/span>\n\t\t\t\t\t\t\t\t\t\t\t\t\t\t\t\t\t\t\t\t\t\t<span class=\"elementor-button-text\">Reg\u00edstrese<\/span>\n\t\t\t\t\t\t\t\t\t\t\t\t\t<\/span>\n\t\t\t\t\t<\/button>\n          <button type=\"reset\" class=\"elementor-button elementor-hidden\">\n\t\t\t\t\t\t<span >\n\t\t\t\t\t\t\t              \t\t\t\t\t\t<\/span>\n          <\/button>\n\t\t\t\t<\/div>\n            \t\t\t<\/div>\n\t\t<\/form>\n\t\t\t\t\t\t<\/div>\n\t\t\t\t<\/div>\n\t\t\t\t<\/div>\n\t\t\t\t<\/div>\n\t\t<div class=\"elementor-element elementor-element-96fbnj4e twbb_section e-flex e-con-boxed e-con e-parent\" data-id=\"96fbnj4e\" data-element_type=\"container\" id=\"our-areas-of-expertise\">\n\t\t\t\t\t<div class=\"e-con-inner\">\n\t\t\t\t<div class=\"elementor-element elementor-element-7uz0p9d1 elementor-widget__width-initial elementor-widget-mobile__width-inherit elementor-widget-tablet__width-initial twbb_cta-button-wrapper-center twbb_cta-valign-align-top twbb_cta-position-image-top twbb_cta-tablet-position-image-top twbb_cta-mobile-position-image-top twbb_cta-button-wrapper-center twbb_cta-button-wrapper-center twbb_cta-position-button-bottom twbb_cta-tablet-position-button-bottom twbb_cta-mobile-position-button-bottom elementor-invisible elementor-widget elementor-widget-twbb_call-to-action\" data-id=\"7uz0p9d1\" data-element_type=\"widget\" data-settings=\"{&quot;_animation&quot;:&quot;fadeInUp&quot;}\" data-widget_type=\"twbb_call-to-action.default\">\n\t\t\t\t<div class=\"elementor-widget-container\">\n\t\t\t\t\t    <a href=\"#\" class=\"twbb_cta-wrapper \">\n                  <div class=\"twbb_cta-image-background-wrapper\">\n          <span class=\"twbb_cta-image-background-overlay\"><\/span>\n                            <div class=\"twbb_cta-image-html-tag\">\n                                            <img decoding=\"async\" src=\"https:\/\/chenabogados.com\/wp-content\/uploads\/2026\/02\/tenweb_media_srnuutckk.webp\" alt=\"A well-dressed lawyer in a modern office, reviewing tax documents with a focused expression, representing Chen Attorneys&#039; expertise in tax law.\" >\n                                    <\/div>\n                    <\/div>\n        <div class=\"twbb_cta-content-wrapper \">\n    <div class=\"twbb_cta-content-inner\">\n                <h5 class=\"twbb_cta-title\">Orientaci\u00f3n Experta en Derecho Fiscal<\/h5>\n                    <div class=\"twbb_cta-description\">Navegue por las complejas regulaciones fiscales con nuestra orientaci\u00f3n experta. Proporcionamos estrategias a medida para individuos y empresas, garantizando el cumplimiento y optimizando sus resultados financieros.<\/div>\n              <\/div>\n    <div class=\"twbb_cta-button-wrapper\">\n        <div class=\"twbb_cta-buttons\">\n                        <\/div>\n    <\/div>\n  <\/div>\n        <\/a>\n\t\t\t\t<\/div>\n\t\t\t\t<\/div>\n\t\t\t\t<div class=\"elementor-element elementor-element-97if6auj elementor-widget__width-initial elementor-widget-mobile__width-inherit elementor-widget-tablet__width-initial twbb_cta-button-wrapper-center twbb_cta-valign-align-top twbb_cta-position-image-top twbb_cta-tablet-position-image-top twbb_cta-mobile-position-image-top twbb_cta-button-wrapper-center twbb_cta-button-wrapper-center twbb_cta-position-button-bottom twbb_cta-tablet-position-button-bottom twbb_cta-mobile-position-button-bottom elementor-invisible elementor-widget elementor-widget-twbb_call-to-action\" data-id=\"97if6auj\" data-element_type=\"widget\" data-settings=\"{&quot;_animation&quot;:&quot;fadeInUp&quot;}\" data-widget_type=\"twbb_call-to-action.default\">\n\t\t\t\t<div class=\"elementor-widget-container\">\n\t\t\t\t\t    <a href=\"#\" class=\"twbb_cta-wrapper \">\n                  <div class=\"twbb_cta-image-background-wrapper\">\n          <span class=\"twbb_cta-image-background-overlay\"><\/span>\n                            <div class=\"twbb_cta-image-html-tag\">\n                                            <img decoding=\"async\" src=\"https:\/\/chenabogados.com\/wp-content\/uploads\/2026\/02\/tenweb_media_s9wy4z6q2.webp\" alt=\"Two business professionals shaking hands over a signed contract in a bright, modern office, symbolizing Chen Attorneys&#039; commercial law services.\" >\n                                    <\/div>\n                    <\/div>\n        <div class=\"twbb_cta-content-wrapper \">\n    <div class=\"twbb_cta-content-inner\">\n                <h5 class=\"twbb_cta-title\">Asesoramiento en Derecho Mercantil<\/h5>\n                    <div class=\"twbb_cta-description\">Proteja sus intereses comerciales con nuestro asesoramiento en derecho mercantil. Le ayudamos en la redacci\u00f3n de contratos, negociaciones y resoluci\u00f3n de disputas, garantizando operaciones fluidas y el cumplimiento normativo.<\/div>\n              <\/div>\n    <div class=\"twbb_cta-button-wrapper\">\n        <div class=\"twbb_cta-buttons\">\n                        <\/div>\n    <\/div>\n  <\/div>\n        <\/a>\n\t\t\t\t<\/div>\n\t\t\t\t<\/div>\n\t\t\t\t<div class=\"elementor-element elementor-element-mwtruhjy elementor-widget__width-initial elementor-widget-mobile__width-inherit elementor-widget-tablet__width-initial twbb_cta-button-wrapper-center twbb_cta-valign-align-top twbb_cta-position-image-top twbb_cta-tablet-position-image-top twbb_cta-mobile-position-image-top twbb_cta-button-wrapper-center twbb_cta-button-wrapper-center twbb_cta-position-button-bottom twbb_cta-tablet-position-button-bottom twbb_cta-mobile-position-button-bottom elementor-invisible elementor-widget elementor-widget-twbb_call-to-action\" data-id=\"mwtruhjy\" data-element_type=\"widget\" data-settings=\"{&quot;_animation&quot;:&quot;fadeInUp&quot;}\" data-widget_type=\"twbb_call-to-action.default\">\n\t\t\t\t<div class=\"elementor-widget-container\">\n\t\t\t\t\t    <a href=\"#\" class=\"twbb_cta-wrapper \">\n                  <div class=\"twbb_cta-image-background-wrapper\">\n          <span class=\"twbb_cta-image-background-overlay\"><\/span>\n                            <div class=\"twbb_cta-image-html-tag\">\n                                            <img decoding=\"async\" src=\"https:\/\/chenabogados.com\/wp-content\/uploads\/2026\/02\/tenweb_media_sj4tgg1mw.webp\" alt=\"A diverse group of employees collaborating in a modern office space, representing Chen Attorneys&#039; labor law consultation services.\" >\n                                    <\/div>\n                    <\/div>\n        <div class=\"twbb_cta-content-wrapper \">\n    <div class=\"twbb_cta-content-inner\">\n                <h5 class=\"twbb_cta-title\">Soluciones Integrales en Derecho Laboral<\/h5>\n                    <div class=\"twbb_cta-description\">Garantice un entorno de trabajo positivo con nuestras soluciones en derecho laboral. Proporcionamos consultor\u00eda experta en contratos de trabajo, pol\u00edticas laborales y resoluci\u00f3n de disputas, adaptadas a las necesidades de su empresa.<\/div>\n              <\/div>\n    <div class=\"twbb_cta-button-wrapper\">\n        <div class=\"twbb_cta-buttons\">\n                        <\/div>\n    <\/div>\n  <\/div>\n        <\/a>\n\t\t\t\t<\/div>\n\t\t\t\t<\/div>\n\t\t\t\t<div class=\"elementor-element elementor-element-um3dey2q elementor-widget__width-initial elementor-widget-mobile__width-inherit elementor-widget-tablet__width-initial twbb_cta-button-wrapper-center twbb_cta-valign-align-top twbb_cta-position-image-top twbb_cta-tablet-position-image-top twbb_cta-mobile-position-image-top twbb_cta-button-wrapper-center twbb_cta-button-wrapper-center twbb_cta-position-button-bottom twbb_cta-tablet-position-button-bottom twbb_cta-mobile-position-button-bottom elementor-invisible elementor-widget elementor-widget-twbb_call-to-action\" data-id=\"um3dey2q\" data-element_type=\"widget\" data-settings=\"{&quot;_animation&quot;:&quot;fadeInUp&quot;}\" data-widget_type=\"twbb_call-to-action.default\">\n\t\t\t\t<div class=\"elementor-widget-container\">\n\t\t\t\t\t    <a href=\"#\" class=\"twbb_cta-wrapper \">\n                  <div class=\"twbb_cta-image-background-wrapper\">\n          <span class=\"twbb_cta-image-background-overlay\"><\/span>\n                            <div class=\"twbb_cta-image-html-tag\">\n                                            <img decoding=\"async\" src=\"https:\/\/chenabogados.com\/wp-content\/uploads\/2026\/02\/tenweb_media_so1rpsrcd.webp\" alt=\"A lawyer presenting a case in front of a government regulatory body, symbolizing Chen Attorneys&#039; administrative law support.\" >\n                                    <\/div>\n                    <\/div>\n        <div class=\"twbb_cta-content-wrapper \">\n    <div class=\"twbb_cta-content-inner\">\n                <h5 class=\"twbb_cta-title\">Apoyo en Derecho Administrativo<\/h5>\n                    <div class=\"twbb_cta-description\">Navegue por las regulaciones gubernamentales con nuestro apoyo en derecho administrativo. Le asistimos con licencias, cumplimiento y procedimientos administrativos, abogando en su nombre para obtener resoluciones eficientes.<\/div>\n              <\/div>\n    <div class=\"twbb_cta-button-wrapper\">\n        <div class=\"twbb_cta-buttons\">\n                        <\/div>\n    <\/div>\n  <\/div>\n        <\/a>\n\t\t\t\t<\/div>\n\t\t\t\t<\/div>\n\t\t\t\t\t<\/div>\n\t\t\t\t<\/div>\n\t\t\t\t<\/div>\n\t\t","protected":false},"excerpt":{"rendered":"<p>Sus , Nuestra Experiencia. En Chen Abogados, entendemos que navegar por el panorama legal puede ser complejo. Por eso ofrecemos una amplia gama de servicios legales dise\u00f1ados para satisfacer sus necesidades espec\u00edficas. Desde derecho fiscal y mercantil hasta derecho laboral, administrativo e internacional, nuestro equipo de abogados experimentados est\u00e1 aqu\u00ed para proporcionarle soluciones personalizadas y [&hellip;]<\/p>\n","protected":false},"author":0,"featured_media":0,"parent":0,"menu_order":0,"comment_status":"closed","ping_status":"publish","template":"","meta":{"footnotes":""},"class_list":["post-223","page","type-page","status-publish","hentry"],"yoast_head":"<!-- This site is optimized with the Yoast SEO plugin v27.0 - https:\/\/yoast.com\/product\/yoast-seo-wordpress\/ -->\n<title>Servicios - Chen Abogados<\/title>\n<meta name=\"robots\" content=\"index, follow, max-snippet:-1, max-image-preview:large, max-video-preview:-1\" \/>\n<link rel=\"canonical\" href=\"https:\/\/chenabogados.com\/en\/servicios\/\" \/>\n<meta property=\"og:locale\" content=\"en_GB\" \/>\n<meta property=\"og:type\" content=\"article\" \/>\n<meta property=\"og:title\" content=\"Servicios - Chen Abogados\" \/>\n<meta property=\"og:description\" content=\"Sus , Nuestra Experiencia. En Chen Abogados, entendemos que navegar por el panorama legal puede ser complejo. Por eso ofrecemos una amplia gama de servicios legales dise\u00f1ados para satisfacer sus necesidades espec\u00edficas. Desde derecho fiscal y mercantil hasta derecho laboral, administrativo e internacional, nuestro equipo de abogados experimentados est\u00e1 aqu\u00ed para proporcionarle soluciones personalizadas y [&hellip;]\" \/>\n<meta property=\"og:url\" content=\"https:\/\/chenabogados.com\/en\/servicios\/\" \/>\n<meta property=\"og:site_name\" content=\"Chen Abogados\" \/>\n<meta property=\"article:modified_time\" content=\"2026-02-23T17:02:29+00:00\" \/>\n<meta property=\"og:image\" content=\"https:\/\/chenabogados.com\/wp-content\/uploads\/2026\/02\/tenweb_media_sywypwyty.webp\" \/>\n\t<meta property=\"og:image:width\" content=\"1024\" \/>\n\t<meta property=\"og:image:height\" content=\"1024\" \/>\n\t<meta property=\"og:image:type\" content=\"image\/webp\" \/>\n<meta name=\"twitter:card\" content=\"summary_large_image\" \/>\n<meta name=\"twitter:label1\" content=\"Estimated reading time\" \/>\n\t<meta name=\"twitter:data1\" content=\"4 minutes\" \/>\n<script type=\"application\/ld+json\" class=\"yoast-schema-graph\">{\"@context\":\"https:\/\/schema.org\",\"@graph\":[{\"@type\":\"WebPage\",\"@id\":\"https:\/\/chenabogados.com\/servicios\/\",\"url\":\"https:\/\/chenabogados.com\/servicios\/\",\"name\":\"Servicios - Chen Abogados\",\"isPartOf\":{\"@id\":\"https:\/\/chenabogados.com\/#website\"},\"primaryImageOfPage\":{\"@id\":\"https:\/\/chenabogados.com\/servicios\/#primaryimage\"},\"image\":{\"@id\":\"https:\/\/chenabogados.com\/servicios\/#primaryimage\"},\"thumbnailUrl\":\"https:\/\/chenabogados.com\/wp-content\/uploads\/2026\/02\/tenweb_media_sywypwyty.webp\",\"datePublished\":\"2026-02-23T09:24:27+00:00\",\"dateModified\":\"2026-02-23T17:02:29+00:00\",\"breadcrumb\":{\"@id\":\"https:\/\/chenabogados.com\/servicios\/#breadcrumb\"},\"inLanguage\":\"en-GB\",\"potentialAction\":[{\"@type\":\"ReadAction\",\"target\":[\"https:\/\/chenabogados.com\/servicios\/\"]}]},{\"@type\":\"ImageObject\",\"inLanguage\":\"en-GB\",\"@id\":\"https:\/\/chenabogados.com\/servicios\/#primaryimage\",\"url\":\"https:\/\/chenabogados.com\/wp-content\/uploads\/2026\/02\/tenweb_media_sywypwyty.webp\",\"contentUrl\":\"https:\/\/chenabogados.com\/wp-content\/uploads\/2026\/02\/tenweb_media_sywypwyty.webp\"},{\"@type\":\"BreadcrumbList\",\"@id\":\"https:\/\/chenabogados.com\/servicios\/#breadcrumb\",\"itemListElement\":[{\"@type\":\"ListItem\",\"position\":1,\"name\":\"Home\",\"item\":\"https:\/\/chenabogados.com\/\"},{\"@type\":\"ListItem\",\"position\":2,\"name\":\"Servicios\"}]},{\"@type\":\"WebSite\",\"@id\":\"https:\/\/chenabogados.com\/#website\",\"url\":\"https:\/\/chenabogados.com\/\",\"name\":\"Chen Abogados\",\"description\":\"\",\"potentialAction\":[{\"@type\":\"SearchAction\",\"target\":{\"@type\":\"EntryPoint\",\"urlTemplate\":\"https:\/\/chenabogados.com\/?s={search_term_string}\"},\"query-input\":{\"@type\":\"PropertyValueSpecification\",\"valueRequired\":true,\"valueName\":\"search_term_string\"}}],\"inLanguage\":\"en-GB\"}]}<\/script>\n<!-- \/ Yoast SEO plugin. -->","yoast_head_json":{"title":"Servicios - Chen Abogados","robots":{"index":"index","follow":"follow","max-snippet":"max-snippet:-1","max-image-preview":"max-image-preview:large","max-video-preview":"max-video-preview:-1"},"canonical":"https:\/\/chenabogados.com\/en\/servicios\/","og_locale":"en_GB","og_type":"article","og_title":"Servicios - Chen Abogados","og_description":"Sus , Nuestra Experiencia. En Chen Abogados, entendemos que navegar por el panorama legal puede ser complejo. Por eso ofrecemos una amplia gama de servicios legales dise\u00f1ados para satisfacer sus necesidades espec\u00edficas. Desde derecho fiscal y mercantil hasta derecho laboral, administrativo e internacional, nuestro equipo de abogados experimentados est\u00e1 aqu\u00ed para proporcionarle soluciones personalizadas y [&hellip;]","og_url":"https:\/\/chenabogados.com\/en\/servicios\/","og_site_name":"Chen Abogados","article_modified_time":"2026-02-23T17:02:29+00:00","og_image":[{"width":1024,"height":1024,"url":"https:\/\/chenabogados.com\/wp-content\/uploads\/2026\/02\/tenweb_media_sywypwyty.webp","type":"image\/webp"}],"twitter_card":"summary_large_image","twitter_misc":{"Estimated reading time":"4 minutes"},"schema":{"@context":"https:\/\/schema.org","@graph":[{"@type":"WebPage","@id":"https:\/\/chenabogados.com\/servicios\/","url":"https:\/\/chenabogados.com\/servicios\/","name":"Servicios - Chen Abogados","isPartOf":{"@id":"https:\/\/chenabogados.com\/#website"},"primaryImageOfPage":{"@id":"https:\/\/chenabogados.com\/servicios\/#primaryimage"},"image":{"@id":"https:\/\/chenabogados.com\/servicios\/#primaryimage"},"thumbnailUrl":"https:\/\/chenabogados.com\/wp-content\/uploads\/2026\/02\/tenweb_media_sywypwyty.webp","datePublished":"2026-02-23T09:24:27+00:00","dateModified":"2026-02-23T17:02:29+00:00","breadcrumb":{"@id":"https:\/\/chenabogados.com\/servicios\/#breadcrumb"},"inLanguage":"en-GB","potentialAction":[{"@type":"ReadAction","target":["https:\/\/chenabogados.com\/servicios\/"]}]},{"@type":"ImageObject","inLanguage":"en-GB","@id":"https:\/\/chenabogados.com\/servicios\/#primaryimage","url":"https:\/\/chenabogados.com\/wp-content\/uploads\/2026\/02\/tenweb_media_sywypwyty.webp","contentUrl":"https:\/\/chenabogados.com\/wp-content\/uploads\/2026\/02\/tenweb_media_sywypwyty.webp"},{"@type":"BreadcrumbList","@id":"https:\/\/chenabogados.com\/servicios\/#breadcrumb","itemListElement":[{"@type":"ListItem","position":1,"name":"Home","item":"https:\/\/chenabogados.com\/"},{"@type":"ListItem","position":2,"name":"Servicios"}]},{"@type":"WebSite","@id":"https:\/\/chenabogados.com\/#website","url":"https:\/\/chenabogados.com\/","name":"Chen Abogados","description":"","potentialAction":[{"@type":"SearchAction","target":{"@type":"EntryPoint","urlTemplate":"https:\/\/chenabogados.com\/?s={search_term_string}"},"query-input":{"@type":"PropertyValueSpecification","valueRequired":true,"valueName":"search_term_string"}}],"inLanguage":"en-GB"}]}},"_links":{"self":[{"href":"https:\/\/chenabogados.com\/en\/wp-json\/wp\/v2\/pages\/223","targetHints":{"allow":["GET"]}}],"collection":[{"href":"https:\/\/chenabogados.com\/en\/wp-json\/wp\/v2\/pages"}],"about":[{"href":"https:\/\/chenabogados.com\/en\/wp-json\/wp\/v2\/types\/page"}],"replies":[{"embeddable":true,"href":"https:\/\/chenabogados.com\/en\/wp-json\/wp\/v2\/comments?post=223"}],"version-history":[{"count":0,"href":"https:\/\/chenabogados.com\/en\/wp-json\/wp\/v2\/pages\/223\/revisions"}],"wp:attachment":[{"href":"https:\/\/chenabogados.com\/en\/wp-json\/wp\/v2\/media?parent=223"}],"curies":[{"name":"wp","href":"https:\/\/api.w.org\/{rel}","templated":true}]}}