{"id":226,"date":"2026-02-23T09:24:28","date_gmt":"2026-02-23T09:24:28","guid":{"rendered":"https:\/\/chenabogados.com\/terminos-y-condiciones\/"},"modified":"2026-02-23T09:24:32","modified_gmt":"2026-02-23T09:24:32","slug":"terminos-y-condiciones","status":"publish","type":"page","link":"https:\/\/chenabogados.com\/en\/terminos-y-condiciones\/","title":{"rendered":"T\u00e9rminos y condiciones"},"content":{"rendered":"\t\t<div data-elementor-type=\"wp-page\" data-elementor-id=\"226\" class=\"elementor elementor-226\">\n\t\t\t\t<div class=\"elementor-element elementor-element-dubvass3 twbb_section e-con-boxed e-flex e-con e-parent\" data-id=\"dubvass3\" data-element_type=\"container\">\n\t\t\t\t\t<div class=\"e-con-inner\">\n\t\t\t\t<div class=\"elementor-element elementor-element-26tt4nle elementor-widget__width-initial elementor-widget-mobile__width-inherit elementor-widget-tablet__width-initial elementor-invisible elementor-widget elementor-widget-heading\" data-id=\"26tt4nle\" data-element_type=\"widget\" data-settings=\"{&quot;_animation&quot;:&quot;fadeInUp&quot;}\" data-widget_type=\"heading.default\">\n\t\t\t\t\t<h1 class=\"elementor-heading-title elementor-size-default\">T\u00e9rminos y condiciones<\/h1>\t\t\t\t<\/div>\n\t\t\t\t\t<\/div>\n\t\t\t\t<\/div>\n\t\t<div class=\"elementor-element elementor-element-6vpstwox twbb_section e-con-boxed e-flex e-con e-parent\" data-id=\"6vpstwox\" data-element_type=\"container\">\n\t\t\t\t\t<div class=\"e-con-inner\">\n\t\t\t\t<div class=\"elementor-element elementor-element-gwcqtu1n elementor-widget__width-initial elementor-widget-mobile__width-inherit elementor-widget-tablet__width-initial elementor-invisible elementor-widget elementor-widget-text-editor\" data-id=\"gwcqtu1n\" data-element_type=\"widget\" data-settings=\"{&quot;_animation&quot;:&quot;fadeInUp&quot;}\" data-widget_type=\"text-editor.default\">\n\t\t\t\t\t\t\t\t\t<p>Bienvenido al sitio web de Chen Attorneys. Al acceder y utilizar este sitio web, usted acepta cumplir y estar sujeto a los siguientes t\u00e9rminos y condiciones. Lea atentamente estos t\u00e9rminos.<\/p>\n\n<ol>\n <li>\n  <heading>Aceptaci\u00f3n de los t\u00e9rminos<\/heading>\n  <p>Su acceso y uso del sitio web de Chen Attorneys est\u00e1n condicionados a su aceptaci\u00f3n y cumplimiento de estos T\u00e9rminos y condiciones. Estos t\u00e9rminos se aplican a todos los visitantes, usuarios y otras personas que acceden o utilizan el sitio web. Si no est\u00e1 de acuerdo con alguna parte de los t\u00e9rminos, no podr\u00e1 acceder al sitio web.<\/p>\n <\/li>\n <li>\n  <heading>Descargo de responsabilidad sobre asesoramiento legal<\/heading>\n  <p>El contenido de este sitio web se proporciona \u00fanicamente con fines informativos y no constituye asesoramiento legal. No tiene la intenci\u00f3n de crear, y la recepci\u00f3n del mismo no constituye, una relaci\u00f3n abogado-cliente. No debe actuar ni abstenerse de actuar bas\u00e1ndose en ning\u00fan contenido incluido en este sitio sin buscar asesoramiento legal de un abogado cualificado.<\/p>\n <\/li>\n <li>\n  <heading>Propiedad intelectual<\/heading>\n  <p>El contenido, el dise\u00f1o, los datos, las bases de datos y los gr\u00e1ficos de este sitio web est\u00e1n protegidos por las leyes de propiedad intelectual y son propiedad de Chen Attorneys o de sus licenciantes. A menos que se permita expresamente por escrito, no puede copiar, reproducir, modificar, distribuir, transmitir, mostrar, ejecutar, publicar, licenciar, crear trabajos derivados, transferir o vender ninguna informaci\u00f3n, software, productos o servicios obtenidos de este sitio web.<\/p>\n <\/li>\n <li>\n  <heading>Uso del sitio web<\/heading>\n  <p>Usted se compromete a utilizar este sitio web \u00fanicamente con fines legales y de una manera que no infrinja los derechos de, restrinja o inhiba el uso y disfrute del sitio web por parte de cualquier otra persona. El comportamiento prohibido incluye acosar o causar angustia o inconvenientes a cualquier otro usuario, transmitir contenido obsceno u ofensivo o interrumpir el flujo normal de di\u00e1logo dentro del sitio web.<\/p>\n <\/li>\n <li>\n  <heading>Limitaci\u00f3n de responsabilidad<\/heading>\n  <p>Chen Attorneys no ser\u00e1 responsable de ning\u00fan da\u00f1o de ning\u00fan tipo que surja del uso de este sitio web, incluyendo, pero no limitado a, da\u00f1os directos, indirectos, incidentales, punitivos y consecuentes. No ofrecemos ninguna garant\u00eda, expresa o impl\u00edcita, con respecto a la exactitud, fiabilidad o integridad del contenido de este sitio web.<\/p>\n <\/li>\n <li>\n  <heading>Enlaces a sitios web de terceros<\/heading>\n  <p>Este sitio web puede contener enlaces a sitios web de terceros que no son propiedad ni est\u00e1n controlados por Chen Attorneys. No tenemos control sobre, y no asumimos ninguna responsabilidad por, el contenido, las pol\u00edticas de privacidad o las pr\u00e1cticas de los sitios web de terceros. Usted reconoce y acepta que Chen Attorneys no ser\u00e1 responsable, directa o indirectamente, de ning\u00fan da\u00f1o o p\u00e9rdida causada o supuestamente causada por o en conexi\u00f3n con el uso o la confianza en dicho contenido, bienes o servicios disponibles en o a trav\u00e9s de dichos sitios web.<\/p>\n <\/li>\n <li>\n  <heading>Pol\u00edtica de privacidad<\/heading>\n  <p>Su uso de este sitio web tambi\u00e9n est\u00e1 sujeto a nuestra Pol\u00edtica de privacidad. Revise nuestra Pol\u00edtica de privacidad, que informa a los usuarios de nuestras pr\u00e1cticas de recopilaci\u00f3n de datos.<\/p>\n <\/li>\n <li>\n  <heading>Cambios en los t\u00e9rminos y condiciones<\/heading>\n  <p>Chen Attorneys se reserva el derecho de modificar o revisar estos T\u00e9rminos y condiciones en cualquier momento sin previo aviso. Al utilizar este sitio web, usted acepta estar sujeto a la versi\u00f3n vigente de estos T\u00e9rminos y condiciones. Le recomendamos que revise estos t\u00e9rminos peri\u00f3dicamente para comprobar si hay cambios.<\/p>\n <\/li>\n <li>\n  <heading>Ley aplicable<\/heading>\n  <p>Estos T\u00e9rminos y condiciones se regir\u00e1n e interpretar\u00e1n de acuerdo con las leyes de la jurisdicci\u00f3n en la que se establece Chen Attorneys, sin tener en cuenta sus disposiciones sobre conflicto de leyes.<\/p>\n <\/li>\n <li>\n  <heading>Informaci\u00f3n de contacto<\/heading>\n  <p>Si tiene alguna pregunta sobre estos T\u00e9rminos y condiciones, p\u00f3ngase en contacto con nosotros en [insertar informaci\u00f3n de contacto].<\/p>\n <\/li>\n<\/ol>\t\t\t\t\t\t\t\t<\/div>\n\t\t\t\t\t<\/div>\n\t\t\t\t<\/div>\n\t\t\t\t<\/div>\n\t\t","protected":false},"excerpt":{"rendered":"","protected":false},"author":0,"featured_media":0,"parent":0,"menu_order":0,"comment_status":"closed","ping_status":"publish","template":"","meta":{"footnotes":""},"class_list":["post-226","page","type-page","status-publish","hentry"],"yoast_head":"<!-- This site is optimized with the Yoast SEO plugin v27.0 - https:\/\/yoast.com\/product\/yoast-seo-wordpress\/ -->\n<title>T\u00e9rminos y condiciones - Chen Abogados<\/title>\n<meta name=\"robots\" content=\"index, follow, max-snippet:-1, max-image-preview:large, max-video-preview:-1\" \/>\n<link rel=\"canonical\" href=\"https:\/\/chenabogados.com\/en\/terminos-y-condiciones\/\" \/>\n<meta property=\"og:locale\" content=\"en_GB\" \/>\n<meta property=\"og:type\" content=\"article\" \/>\n<meta property=\"og:title\" content=\"T\u00e9rminos y condiciones - Chen Abogados\" \/>\n<meta property=\"og:url\" content=\"https:\/\/chenabogados.com\/en\/terminos-y-condiciones\/\" \/>\n<meta property=\"og:site_name\" content=\"Chen Abogados\" \/>\n<meta property=\"article:modified_time\" content=\"2026-02-23T09:24:32+00:00\" \/>\n<meta name=\"twitter:card\" content=\"summary_large_image\" \/>\n<script type=\"application\/ld+json\" class=\"yoast-schema-graph\">{\"@context\":\"https:\/\/schema.org\",\"@graph\":[{\"@type\":\"WebPage\",\"@id\":\"https:\/\/chenabogados.com\/terminos-y-condiciones\/\",\"url\":\"https:\/\/chenabogados.com\/terminos-y-condiciones\/\",\"name\":\"T\u00e9rminos y condiciones - Chen Abogados\",\"isPartOf\":{\"@id\":\"https:\/\/chenabogados.com\/#website\"},\"datePublished\":\"2026-02-23T09:24:28+00:00\",\"dateModified\":\"2026-02-23T09:24:32+00:00\",\"breadcrumb\":{\"@id\":\"https:\/\/chenabogados.com\/terminos-y-condiciones\/#breadcrumb\"},\"inLanguage\":\"en-GB\",\"potentialAction\":[{\"@type\":\"ReadAction\",\"target\":[\"https:\/\/chenabogados.com\/terminos-y-condiciones\/\"]}]},{\"@type\":\"BreadcrumbList\",\"@id\":\"https:\/\/chenabogados.com\/terminos-y-condiciones\/#breadcrumb\",\"itemListElement\":[{\"@type\":\"ListItem\",\"position\":1,\"name\":\"Home\",\"item\":\"https:\/\/chenabogados.com\/\"},{\"@type\":\"ListItem\",\"position\":2,\"name\":\"T\u00e9rminos y condiciones\"}]},{\"@type\":\"WebSite\",\"@id\":\"https:\/\/chenabogados.com\/#website\",\"url\":\"https:\/\/chenabogados.com\/\",\"name\":\"Chen Abogados\",\"description\":\"\",\"potentialAction\":[{\"@type\":\"SearchAction\",\"target\":{\"@type\":\"EntryPoint\",\"urlTemplate\":\"https:\/\/chenabogados.com\/?s={search_term_string}\"},\"query-input\":{\"@type\":\"PropertyValueSpecification\",\"valueRequired\":true,\"valueName\":\"search_term_string\"}}],\"inLanguage\":\"en-GB\"}]}<\/script>\n<!-- \/ Yoast SEO plugin. -->","yoast_head_json":{"title":"T\u00e9rminos y condiciones - Chen Abogados","robots":{"index":"index","follow":"follow","max-snippet":"max-snippet:-1","max-image-preview":"max-image-preview:large","max-video-preview":"max-video-preview:-1"},"canonical":"https:\/\/chenabogados.com\/en\/terminos-y-condiciones\/","og_locale":"en_GB","og_type":"article","og_title":"T\u00e9rminos y condiciones - Chen Abogados","og_url":"https:\/\/chenabogados.com\/en\/terminos-y-condiciones\/","og_site_name":"Chen Abogados","article_modified_time":"2026-02-23T09:24:32+00:00","twitter_card":"summary_large_image","schema":{"@context":"https:\/\/schema.org","@graph":[{"@type":"WebPage","@id":"https:\/\/chenabogados.com\/terminos-y-condiciones\/","url":"https:\/\/chenabogados.com\/terminos-y-condiciones\/","name":"T\u00e9rminos y condiciones - Chen Abogados","isPartOf":{"@id":"https:\/\/chenabogados.com\/#website"},"datePublished":"2026-02-23T09:24:28+00:00","dateModified":"2026-02-23T09:24:32+00:00","breadcrumb":{"@id":"https:\/\/chenabogados.com\/terminos-y-condiciones\/#breadcrumb"},"inLanguage":"en-GB","potentialAction":[{"@type":"ReadAction","target":["https:\/\/chenabogados.com\/terminos-y-condiciones\/"]}]},{"@type":"BreadcrumbList","@id":"https:\/\/chenabogados.com\/terminos-y-condiciones\/#breadcrumb","itemListElement":[{"@type":"ListItem","position":1,"name":"Home","item":"https:\/\/chenabogados.com\/"},{"@type":"ListItem","position":2,"name":"T\u00e9rminos y condiciones"}]},{"@type":"WebSite","@id":"https:\/\/chenabogados.com\/#website","url":"https:\/\/chenabogados.com\/","name":"Chen Abogados","description":"","potentialAction":[{"@type":"SearchAction","target":{"@type":"EntryPoint","urlTemplate":"https:\/\/chenabogados.com\/?s={search_term_string}"},"query-input":{"@type":"PropertyValueSpecification","valueRequired":true,"valueName":"search_term_string"}}],"inLanguage":"en-GB"}]}},"_links":{"self":[{"href":"https:\/\/chenabogados.com\/en\/wp-json\/wp\/v2\/pages\/226","targetHints":{"allow":["GET"]}}],"collection":[{"href":"https:\/\/chenabogados.com\/en\/wp-json\/wp\/v2\/pages"}],"about":[{"href":"https:\/\/chenabogados.com\/en\/wp-json\/wp\/v2\/types\/page"}],"replies":[{"embeddable":true,"href":"https:\/\/chenabogados.com\/en\/wp-json\/wp\/v2\/comments?post=226"}],"version-history":[{"count":0,"href":"https:\/\/chenabogados.com\/en\/wp-json\/wp\/v2\/pages\/226\/revisions"}],"wp:attachment":[{"href":"https:\/\/chenabogados.com\/en\/wp-json\/wp\/v2\/media?parent=226"}],"curies":[{"name":"wp","href":"https:\/\/api.w.org\/{rel}","templated":true}]}}