{"id":228,"date":"2026-02-23T09:24:28","date_gmt":"2026-02-23T09:24:28","guid":{"rendered":"https:\/\/chenabogados.com\/aviso-legal\/"},"modified":"2026-02-23T09:24:32","modified_gmt":"2026-02-23T09:24:32","slug":"aviso-legal","status":"publish","type":"page","link":"https:\/\/chenabogados.com\/en\/aviso-legal\/","title":{"rendered":"Aviso Legal"},"content":{"rendered":"\t\t<div data-elementor-type=\"wp-page\" data-elementor-id=\"228\" class=\"elementor elementor-228\">\n\t\t\t\t<div class=\"elementor-element elementor-element-1uzedwmp twbb_section e-con-boxed e-flex e-con e-parent\" data-id=\"1uzedwmp\" data-element_type=\"container\">\n\t\t\t\t\t<div class=\"e-con-inner\">\n\t\t\t\t<div class=\"elementor-element elementor-element-41hesu5y elementor-widget__width-initial elementor-widget-mobile__width-inherit elementor-widget-tablet__width-initial elementor-invisible elementor-widget elementor-widget-heading\" data-id=\"41hesu5y\" data-element_type=\"widget\" data-settings=\"{&quot;_animation&quot;:&quot;fadeInUp&quot;}\" data-widget_type=\"heading.default\">\n\t\t\t\t\t<h1 class=\"elementor-heading-title elementor-size-default\">Aviso Legal<\/h1>\t\t\t\t<\/div>\n\t\t\t\t\t<\/div>\n\t\t\t\t<\/div>\n\t\t<div class=\"elementor-element elementor-element-ywijjbtk twbb_section e-con-boxed e-flex e-con e-parent\" data-id=\"ywijjbtk\" data-element_type=\"container\">\n\t\t\t\t\t<div class=\"e-con-inner\">\n\t\t\t\t<div class=\"elementor-element elementor-element-zxu70jk1 elementor-widget__width-initial elementor-widget-mobile__width-inherit elementor-widget-tablet__width-initial elementor-invisible elementor-widget elementor-widget-text-editor\" data-id=\"zxu70jk1\" data-element_type=\"widget\" data-settings=\"{&quot;_animation&quot;:&quot;fadeInUp&quot;}\" data-widget_type=\"text-editor.default\">\n\t\t\t\t\t\t\t\t\t<p>Este aviso legal rige su uso del sitio web de Chen Attorneys. Al acceder y utilizar este sitio web, usted reconoce y acepta los t\u00e9rminos y condiciones establecidos a continuaci\u00f3n.<\/p>\n\n<ol>\n <li>\n  <heading>Sin Asesoramiento Legal<\/heading>\n  <p>La informaci\u00f3n proporcionada en este sitio web es solo para fines informativos generales y no constituye asesoramiento legal. No tiene la intenci\u00f3n de crear, y la recepci\u00f3n de la misma no constituye, una relaci\u00f3n abogado-cliente. No debe actuar ni abstenerse de actuar bas\u00e1ndose en ning\u00fan contenido incluido en este sitio sin buscar asesoramiento legal de un abogado cualificado.<\/p>\n <\/li>\n <li>\n  <heading>Exactitud de la Informaci\u00f3n<\/heading>\n  <p>Si bien nos esforzamos por proporcionar informaci\u00f3n precisa y actualizada, no hacemos representaciones ni garant\u00edas de ning\u00fan tipo, expresas o impl\u00edcitas, sobre la integridad, exactitud, fiabilidad, idoneidad o disponibilidad con respecto al sitio web o la informaci\u00f3n, productos, servicios o gr\u00e1ficos relacionados contenidos en el sitio web para cualquier prop\u00f3sito. Cualquier confianza que deposite en dicha informaci\u00f3n es, por lo tanto, estrictamente bajo su propio riesgo.<\/p>\n <\/li>\n <li>\n  <heading>Limitaci\u00f3n de Responsabilidad<\/heading>\n  <p>En ning\u00fan caso Chen Attorneys ser\u00e1 responsable de ninguna p\u00e9rdida o da\u00f1o, incluyendo, sin limitaci\u00f3n, la p\u00e9rdida o da\u00f1o indirecto o consecuente, o cualquier p\u00e9rdida o da\u00f1o que surja de la p\u00e9rdida de datos o beneficios que surjan de, o en conexi\u00f3n con, el uso de este sitio web.<\/p>\n <\/li>\n <li>\n  <heading>Enlaces Externos<\/heading>\n  <p>Este sitio web puede contener enlaces a otros sitios web que no est\u00e1n bajo el control de Chen Attorneys. No tenemos control sobre la naturaleza, el contenido y la disponibilidad de esos sitios. La inclusi\u00f3n de cualquier enlace no implica necesariamente una recomendaci\u00f3n o respalda las opiniones expresadas en ellos.<\/p>\n <\/li>\n <li>\n  <heading>Responsabilidad Profesional<\/heading>\n  <p>Chen Attorneys es un bufete de abogados que presta servicios legales. Nuestra responsabilidad profesional es con nuestros clientes. Este sitio web no tiene la intenci\u00f3n de solicitar clientes ni proporcionar asesoramiento legal a nadie que no sea ya cliente del bufete.<\/p>\n <\/li>\n <li>\n  <heading>Cuestiones Jurisdiccionales<\/heading>\n  <p>La informaci\u00f3n proporcionada en este sitio web puede no ser aplicable en todas las jurisdicciones. Chen Attorneys ejerce la abogac\u00eda solo en las jurisdicciones en las que sus abogados tienen licencia para ejercer. No buscamos representar a nadie en una jurisdicci\u00f3n donde nuestros abogados no est\u00e9n autorizados a ejercer la abogac\u00eda.<\/p>\n <\/li>\n <li>\n  <heading>Cambios en el Aviso Legal<\/heading>\n  <p>Nos reservamos el derecho de modificar o enmendar este aviso legal en cualquier momento sin previo aviso. Es su responsabilidad revisar este aviso legal peri\u00f3dicamente para detectar cambios. Su uso continuado del sitio web despu\u00e9s de la publicaci\u00f3n de los cambios significar\u00e1 que acepta esos cambios.<\/p>\n <\/li>\n <li>\n  <heading>Informaci\u00f3n de Contacto<\/heading>\n  <p>Si tiene alguna pregunta sobre este aviso legal, p\u00f3ngase en contacto con nosotros en [insertar informaci\u00f3n de contacto].<\/p>\n <\/li>\n<\/ol>\t\t\t\t\t\t\t\t<\/div>\n\t\t\t\t\t<\/div>\n\t\t\t\t<\/div>\n\t\t\t\t<\/div>\n\t\t","protected":false},"excerpt":{"rendered":"","protected":false},"author":0,"featured_media":0,"parent":0,"menu_order":0,"comment_status":"closed","ping_status":"publish","template":"","meta":{"footnotes":""},"class_list":["post-228","page","type-page","status-publish","hentry"],"yoast_head":"<!-- This site is optimized with the Yoast SEO plugin v27.0 - https:\/\/yoast.com\/product\/yoast-seo-wordpress\/ -->\n<title>Aviso Legal - Chen Abogados<\/title>\n<meta name=\"robots\" content=\"index, follow, max-snippet:-1, max-image-preview:large, max-video-preview:-1\" \/>\n<link rel=\"canonical\" href=\"https:\/\/chenabogados.com\/en\/aviso-legal\/\" \/>\n<meta property=\"og:locale\" content=\"en_GB\" \/>\n<meta property=\"og:type\" content=\"article\" \/>\n<meta property=\"og:title\" content=\"Aviso Legal - Chen Abogados\" \/>\n<meta property=\"og:url\" content=\"https:\/\/chenabogados.com\/en\/aviso-legal\/\" \/>\n<meta property=\"og:site_name\" content=\"Chen Abogados\" \/>\n<meta property=\"article:modified_time\" content=\"2026-02-23T09:24:32+00:00\" \/>\n<meta name=\"twitter:card\" content=\"summary_large_image\" \/>\n<script type=\"application\/ld+json\" class=\"yoast-schema-graph\">{\"@context\":\"https:\/\/schema.org\",\"@graph\":[{\"@type\":\"WebPage\",\"@id\":\"https:\/\/chenabogados.com\/aviso-legal\/\",\"url\":\"https:\/\/chenabogados.com\/aviso-legal\/\",\"name\":\"Aviso Legal - Chen Abogados\",\"isPartOf\":{\"@id\":\"https:\/\/chenabogados.com\/#website\"},\"datePublished\":\"2026-02-23T09:24:28+00:00\",\"dateModified\":\"2026-02-23T09:24:32+00:00\",\"breadcrumb\":{\"@id\":\"https:\/\/chenabogados.com\/aviso-legal\/#breadcrumb\"},\"inLanguage\":\"en-GB\",\"potentialAction\":[{\"@type\":\"ReadAction\",\"target\":[\"https:\/\/chenabogados.com\/aviso-legal\/\"]}]},{\"@type\":\"BreadcrumbList\",\"@id\":\"https:\/\/chenabogados.com\/aviso-legal\/#breadcrumb\",\"itemListElement\":[{\"@type\":\"ListItem\",\"position\":1,\"name\":\"Home\",\"item\":\"https:\/\/chenabogados.com\/\"},{\"@type\":\"ListItem\",\"position\":2,\"name\":\"Aviso Legal\"}]},{\"@type\":\"WebSite\",\"@id\":\"https:\/\/chenabogados.com\/#website\",\"url\":\"https:\/\/chenabogados.com\/\",\"name\":\"Chen Abogados\",\"description\":\"\",\"potentialAction\":[{\"@type\":\"SearchAction\",\"target\":{\"@type\":\"EntryPoint\",\"urlTemplate\":\"https:\/\/chenabogados.com\/?s={search_term_string}\"},\"query-input\":{\"@type\":\"PropertyValueSpecification\",\"valueRequired\":true,\"valueName\":\"search_term_string\"}}],\"inLanguage\":\"en-GB\"}]}<\/script>\n<!-- \/ Yoast SEO plugin. -->","yoast_head_json":{"title":"Aviso Legal - Chen Abogados","robots":{"index":"index","follow":"follow","max-snippet":"max-snippet:-1","max-image-preview":"max-image-preview:large","max-video-preview":"max-video-preview:-1"},"canonical":"https:\/\/chenabogados.com\/en\/aviso-legal\/","og_locale":"en_GB","og_type":"article","og_title":"Aviso Legal - Chen Abogados","og_url":"https:\/\/chenabogados.com\/en\/aviso-legal\/","og_site_name":"Chen Abogados","article_modified_time":"2026-02-23T09:24:32+00:00","twitter_card":"summary_large_image","schema":{"@context":"https:\/\/schema.org","@graph":[{"@type":"WebPage","@id":"https:\/\/chenabogados.com\/aviso-legal\/","url":"https:\/\/chenabogados.com\/aviso-legal\/","name":"Aviso Legal - Chen Abogados","isPartOf":{"@id":"https:\/\/chenabogados.com\/#website"},"datePublished":"2026-02-23T09:24:28+00:00","dateModified":"2026-02-23T09:24:32+00:00","breadcrumb":{"@id":"https:\/\/chenabogados.com\/aviso-legal\/#breadcrumb"},"inLanguage":"en-GB","potentialAction":[{"@type":"ReadAction","target":["https:\/\/chenabogados.com\/aviso-legal\/"]}]},{"@type":"BreadcrumbList","@id":"https:\/\/chenabogados.com\/aviso-legal\/#breadcrumb","itemListElement":[{"@type":"ListItem","position":1,"name":"Home","item":"https:\/\/chenabogados.com\/"},{"@type":"ListItem","position":2,"name":"Aviso Legal"}]},{"@type":"WebSite","@id":"https:\/\/chenabogados.com\/#website","url":"https:\/\/chenabogados.com\/","name":"Chen Abogados","description":"","potentialAction":[{"@type":"SearchAction","target":{"@type":"EntryPoint","urlTemplate":"https:\/\/chenabogados.com\/?s={search_term_string}"},"query-input":{"@type":"PropertyValueSpecification","valueRequired":true,"valueName":"search_term_string"}}],"inLanguage":"en-GB"}]}},"_links":{"self":[{"href":"https:\/\/chenabogados.com\/en\/wp-json\/wp\/v2\/pages\/228","targetHints":{"allow":["GET"]}}],"collection":[{"href":"https:\/\/chenabogados.com\/en\/wp-json\/wp\/v2\/pages"}],"about":[{"href":"https:\/\/chenabogados.com\/en\/wp-json\/wp\/v2\/types\/page"}],"replies":[{"embeddable":true,"href":"https:\/\/chenabogados.com\/en\/wp-json\/wp\/v2\/comments?post=228"}],"version-history":[{"count":0,"href":"https:\/\/chenabogados.com\/en\/wp-json\/wp\/v2\/pages\/228\/revisions"}],"wp:attachment":[{"href":"https:\/\/chenabogados.com\/en\/wp-json\/wp\/v2\/media?parent=228"}],"curies":[{"name":"wp","href":"https:\/\/api.w.org\/{rel}","templated":true}]}}