{"id":229,"date":"2026-02-23T09:24:28","date_gmt":"2026-02-23T09:24:28","guid":{"rendered":"https:\/\/chenabogados.com\/servicios-de-derecho-fiscal\/"},"modified":"2026-02-23T09:24:32","modified_gmt":"2026-02-23T09:24:32","slug":"servicios-de-derecho-fiscal","status":"publish","type":"page","link":"https:\/\/chenabogados.com\/en\/servicios-de-derecho-fiscal\/","title":{"rendered":"Servicios de Derecho Fiscal"},"content":{"rendered":"\t\t<div data-elementor-type=\"wp-page\" data-elementor-id=\"229\" class=\"elementor elementor-229\">\n\t\t\t\t<div class=\"elementor-element elementor-element-ztq8mupp twbb_section twbb_full_h e-con-boxed e-flex e-con e-parent\" data-id=\"ztq8mupp\" data-element_type=\"container\" id=\"hero-section-of-the-page-for-service-tax-law-services\" data-settings=\"{&quot;background_background&quot;:&quot;classic&quot;,&quot;background_motion_fx_motion_fx_scrolling&quot;:&quot;yes&quot;,&quot;background_motion_fx_scale_effect&quot;:&quot;yes&quot;,&quot;background_motion_fx_scale_speed&quot;:{&quot;unit&quot;:&quot;px&quot;,&quot;size&quot;:7,&quot;sizes&quot;:[]},&quot;background_motion_fx_scale_direction&quot;:&quot;out-in&quot;,&quot;background_motion_fx_scale_range&quot;:{&quot;unit&quot;:&quot;%&quot;,&quot;size&quot;:&quot;&quot;,&quot;sizes&quot;:{&quot;start&quot;:20,&quot;end&quot;:80}},&quot;background_motion_fx_devices&quot;:[&quot;desktop&quot;,&quot;tablet&quot;,&quot;mobile&quot;]}\">\n\t\t\t\t\t<div class=\"e-con-inner\">\n\t\t\t\t<div class=\"elementor-element elementor-element-igk6x4hy elementor-widget__width-initial elementor-widget-mobile__width-inherit elementor-widget-tablet__width-initial twbb-headline--style-highlight elementor-widget elementor-widget-twbbanimated-headline\" data-id=\"igk6x4hy\" data-element_type=\"widget\" data-settings=\"{&quot;highlighted_text&quot;:&quot;Ley Fiscal&quot;,&quot;marker&quot;:&quot;underline_zigzag&quot;,&quot;headline_style&quot;:&quot;highlight&quot;}\" data-widget_type=\"twbbanimated-headline.default\">\n\t\t\t\t<div class=\"elementor-widget-container\">\n\t\t\t\t\t    <h1 class=\"twbb-headline\">\n          <span class=\"twbb-headline-plain-text twbb-headline-text-wrapper\">Experta <\/span>\n        <span class=\"twbb-headline-dynamic-wrapper twbb-headline-text-wrapper\"><\/span>\n          <span class=\"twbb-headline-plain-text twbb-headline-text-wrapper\"> Orientaci\u00f3n<\/span>\n        <\/h1>\n    \t\t\t\t<\/div>\n\t\t\t\t<\/div>\n\t\t\t\t<div class=\"elementor-element elementor-element-c43v7mgg elementor-widget__width-initial elementor-widget-mobile__width-inherit elementor-widget-tablet__width-initial elementor-invisible elementor-widget elementor-widget-text-editor\" data-id=\"c43v7mgg\" data-element_type=\"widget\" data-settings=\"{&quot;_animation&quot;:&quot;fadeInUp&quot;}\" data-widget_type=\"text-editor.default\">\n\t\t\t\t\t\t\t\t\tNavegue por las complejas regulaciones fiscales con CHEN ABOGADOS. Ofrecemos asesoramiento personalizado adaptado a sus necesidades, garantizando el cumplimiento y maximizando los beneficios. Perm\u00edtanos ayudarle a optimizar sus estrategias fiscales y minimizar las responsabilidades.\t\t\t\t\t\t\t\t<\/div>\n\t\t<div class=\"elementor-element elementor-element-dt4edqhj e-con-full e-flex e-con e-parent\" data-id=\"dt4edqhj\" data-element_type=\"container\">\n\t\t\t\t<div class=\"elementor-element elementor-element-vk8ciw9l elementor-align-right elementor-mobile-align-center elementor-widget elementor-widget-button\" data-id=\"vk8ciw9l\" data-element_type=\"widget\" data-widget_type=\"button.default\">\n\t\t\t\t\t\t\t\t\t\t<a class=\"elementor-button elementor-button-link elementor-size-sm\" href=\"#tax-law-services\">\n\t\t\t\t\t\t<span class=\"elementor-button-content-wrapper\">\n\t\t\t\t\t\t\t\t\t<span class=\"elementor-button-text\">M\u00e1s Informaci\u00f3n<\/span>\n\t\t\t\t\t<\/span>\n\t\t\t\t\t<\/a>\n\t\t\t\t\t\t\t\t<\/div>\n\t\t\t\t<div class=\"elementor-element elementor-element-zq16asm3 elementor-align-left elementor-mobile-align-center elementor-widget elementor-widget-button\" data-id=\"zq16asm3\" data-element_type=\"widget\" data-widget_type=\"button.default\">\n\t\t\t\t\t\t\t\t\t\t<a class=\"elementor-button elementor-button-link elementor-size-sm\" href=\"https:\/\/chenabogados.com\/contacto\/\/\">\n\t\t\t\t\t\t<span class=\"elementor-button-content-wrapper\">\n\t\t\t\t\t\t\t\t\t<span class=\"elementor-button-text\">Cont\u00e1ctenos<\/span>\n\t\t\t\t\t<\/span>\n\t\t\t\t\t<\/a>\n\t\t\t\t\t\t\t\t<\/div>\n\t\t\t\t<\/div>\n\t\t\t\t\t<\/div>\n\t\t\t\t<\/div>\n\t\t<div class=\"elementor-element elementor-element-pihoq3st twbb_section e-con-boxed e-flex e-con e-parent\" data-id=\"pihoq3st\" data-element_type=\"container\" id=\"details-section-of-the-page-for-service-tax-law-services\">\n\t\t\t\t\t<div class=\"e-con-inner\">\n\t\t<div class=\"elementor-element elementor-element-zkex5kdh e-con-full e-flex e-con e-parent\" data-id=\"zkex5kdh\" data-element_type=\"container\">\n\t\t\t\t<div class=\"elementor-element elementor-element-uzrctrh1 elementor-widget__width-initial elementor-widget-mobile__width-inherit elementor-widget-tablet__width-initial elementor-invisible elementor-widget elementor-widget-heading\" data-id=\"uzrctrh1\" data-element_type=\"widget\" data-settings=\"{&quot;_animation&quot;:&quot;fadeInUp&quot;}\" data-widget_type=\"heading.default\">\n\t\t\t\t\t<h2 class=\"elementor-heading-title elementor-size-default\">Por Qu\u00e9 Elegir Nuestra Experiencia en Derecho Fiscal<\/h2>\t\t\t\t<\/div>\n\t\t\t\t<div class=\"elementor-element elementor-element-21yh5lio elementor-widget__width-initial elementor-widget-mobile__width-inherit elementor-widget-tablet__width-initial elementor-invisible elementor-widget elementor-widget-text-editor\" data-id=\"21yh5lio\" data-element_type=\"widget\" data-settings=\"{&quot;_animation&quot;:&quot;fadeInUp&quot;}\" data-widget_type=\"text-editor.default\">\n\t\t\t\t\t\t\t\t\tEn Chen Attorneys, nuestros Servicios de Derecho Fiscal proporcionan a los clientes orientaci\u00f3n experta sobre regulaciones fiscales complejas, estrategias personalizadas para la planificaci\u00f3n fiscal y asistencia con auditor\u00edas y cumplimiento. La experiencia de nuestro equipo en derecho fiscal internacional garantiza un apoyo integral tanto para clientes individuales como corporativos, ayudando a minimizar las responsabilidades y maximizar los beneficios de manera eficiente.\t\t\t\t\t\t\t\t<\/div>\n\t\t\t\t<\/div>\n\t\t\t\t<div class=\"elementor-element elementor-element-bzam15d9 elementor-widget__width-initial elementor-widget-mobile__width-inherit elementor-widget-tablet__width-initial elementor-widget elementor-widget-image\" data-id=\"bzam15d9\" data-element_type=\"widget\" data-widget_type=\"image.default\">\n\t\t\t\t\t\t\t\t\t\t\t\t\t\t\t<img fetchpriority=\"high\" decoding=\"async\" width=\"1024\" height=\"576\" src=\"https:\/\/chenabogados.com\/wp-content\/uploads\/2026\/02\/tenweb_media_SQCCONOLJ.webp\" class=\"attachment-full size-full wp-image-218\" alt=\"\" srcset=\"https:\/\/chenabogados.com\/wp-content\/uploads\/2026\/02\/tenweb_media_SQCCONOLJ.webp 1024w, https:\/\/chenabogados.com\/wp-content\/uploads\/2026\/02\/tenweb_media_SQCCONOLJ-768x432.webp 768w\" sizes=\"(max-width: 1024px) 100vw, 1024px\" \/>\t\t\t\t\t\t\t\t\t\t\t\t\t\t\t<\/div>\n\t\t\t\t\t<\/div>\n\t\t\t\t<\/div>\n\t\t\t\t<\/div>\n\t\t","protected":false},"excerpt":{"rendered":"","protected":false},"author":0,"featured_media":0,"parent":0,"menu_order":0,"comment_status":"closed","ping_status":"publish","template":"","meta":{"footnotes":""},"class_list":["post-229","page","type-page","status-publish","hentry"],"yoast_head":"<!-- This site is optimized with the Yoast SEO plugin v27.0 - https:\/\/yoast.com\/product\/yoast-seo-wordpress\/ -->\n<title>Servicios de Derecho Fiscal - Chen Abogados<\/title>\n<meta name=\"robots\" content=\"index, follow, max-snippet:-1, max-image-preview:large, max-video-preview:-1\" \/>\n<link rel=\"canonical\" href=\"https:\/\/chenabogados.com\/en\/servicios-de-derecho-fiscal\/\" \/>\n<meta property=\"og:locale\" content=\"en_GB\" \/>\n<meta property=\"og:type\" content=\"article\" \/>\n<meta property=\"og:title\" content=\"Servicios de Derecho Fiscal - Chen Abogados\" \/>\n<meta property=\"og:url\" content=\"https:\/\/chenabogados.com\/en\/servicios-de-derecho-fiscal\/\" \/>\n<meta property=\"og:site_name\" content=\"Chen Abogados\" \/>\n<meta property=\"article:modified_time\" content=\"2026-02-23T09:24:32+00:00\" \/>\n<meta name=\"twitter:card\" content=\"summary_large_image\" \/>\n<script type=\"application\/ld+json\" class=\"yoast-schema-graph\">{\"@context\":\"https:\/\/schema.org\",\"@graph\":[{\"@type\":\"WebPage\",\"@id\":\"https:\/\/chenabogados.com\/servicios-de-derecho-fiscal\/\",\"url\":\"https:\/\/chenabogados.com\/servicios-de-derecho-fiscal\/\",\"name\":\"Servicios de Derecho Fiscal - Chen Abogados\",\"isPartOf\":{\"@id\":\"https:\/\/chenabogados.com\/#website\"},\"datePublished\":\"2026-02-23T09:24:28+00:00\",\"dateModified\":\"2026-02-23T09:24:32+00:00\",\"breadcrumb\":{\"@id\":\"https:\/\/chenabogados.com\/servicios-de-derecho-fiscal\/#breadcrumb\"},\"inLanguage\":\"en-GB\",\"potentialAction\":[{\"@type\":\"ReadAction\",\"target\":[\"https:\/\/chenabogados.com\/servicios-de-derecho-fiscal\/\"]}]},{\"@type\":\"BreadcrumbList\",\"@id\":\"https:\/\/chenabogados.com\/servicios-de-derecho-fiscal\/#breadcrumb\",\"itemListElement\":[{\"@type\":\"ListItem\",\"position\":1,\"name\":\"Home\",\"item\":\"https:\/\/chenabogados.com\/\"},{\"@type\":\"ListItem\",\"position\":2,\"name\":\"Servicios de Derecho Fiscal\"}]},{\"@type\":\"WebSite\",\"@id\":\"https:\/\/chenabogados.com\/#website\",\"url\":\"https:\/\/chenabogados.com\/\",\"name\":\"Chen Abogados\",\"description\":\"\",\"potentialAction\":[{\"@type\":\"SearchAction\",\"target\":{\"@type\":\"EntryPoint\",\"urlTemplate\":\"https:\/\/chenabogados.com\/?s={search_term_string}\"},\"query-input\":{\"@type\":\"PropertyValueSpecification\",\"valueRequired\":true,\"valueName\":\"search_term_string\"}}],\"inLanguage\":\"en-GB\"}]}<\/script>\n<!-- \/ Yoast SEO plugin. -->","yoast_head_json":{"title":"Servicios de Derecho Fiscal - Chen Abogados","robots":{"index":"index","follow":"follow","max-snippet":"max-snippet:-1","max-image-preview":"max-image-preview:large","max-video-preview":"max-video-preview:-1"},"canonical":"https:\/\/chenabogados.com\/en\/servicios-de-derecho-fiscal\/","og_locale":"en_GB","og_type":"article","og_title":"Servicios de Derecho Fiscal - Chen Abogados","og_url":"https:\/\/chenabogados.com\/en\/servicios-de-derecho-fiscal\/","og_site_name":"Chen Abogados","article_modified_time":"2026-02-23T09:24:32+00:00","twitter_card":"summary_large_image","schema":{"@context":"https:\/\/schema.org","@graph":[{"@type":"WebPage","@id":"https:\/\/chenabogados.com\/servicios-de-derecho-fiscal\/","url":"https:\/\/chenabogados.com\/servicios-de-derecho-fiscal\/","name":"Servicios de Derecho Fiscal - Chen Abogados","isPartOf":{"@id":"https:\/\/chenabogados.com\/#website"},"datePublished":"2026-02-23T09:24:28+00:00","dateModified":"2026-02-23T09:24:32+00:00","breadcrumb":{"@id":"https:\/\/chenabogados.com\/servicios-de-derecho-fiscal\/#breadcrumb"},"inLanguage":"en-GB","potentialAction":[{"@type":"ReadAction","target":["https:\/\/chenabogados.com\/servicios-de-derecho-fiscal\/"]}]},{"@type":"BreadcrumbList","@id":"https:\/\/chenabogados.com\/servicios-de-derecho-fiscal\/#breadcrumb","itemListElement":[{"@type":"ListItem","position":1,"name":"Home","item":"https:\/\/chenabogados.com\/"},{"@type":"ListItem","position":2,"name":"Servicios de Derecho Fiscal"}]},{"@type":"WebSite","@id":"https:\/\/chenabogados.com\/#website","url":"https:\/\/chenabogados.com\/","name":"Chen Abogados","description":"","potentialAction":[{"@type":"SearchAction","target":{"@type":"EntryPoint","urlTemplate":"https:\/\/chenabogados.com\/?s={search_term_string}"},"query-input":{"@type":"PropertyValueSpecification","valueRequired":true,"valueName":"search_term_string"}}],"inLanguage":"en-GB"}]}},"_links":{"self":[{"href":"https:\/\/chenabogados.com\/en\/wp-json\/wp\/v2\/pages\/229","targetHints":{"allow":["GET"]}}],"collection":[{"href":"https:\/\/chenabogados.com\/en\/wp-json\/wp\/v2\/pages"}],"about":[{"href":"https:\/\/chenabogados.com\/en\/wp-json\/wp\/v2\/types\/page"}],"replies":[{"embeddable":true,"href":"https:\/\/chenabogados.com\/en\/wp-json\/wp\/v2\/comments?post=229"}],"version-history":[{"count":0,"href":"https:\/\/chenabogados.com\/en\/wp-json\/wp\/v2\/pages\/229\/revisions"}],"wp:attachment":[{"href":"https:\/\/chenabogados.com\/en\/wp-json\/wp\/v2\/media?parent=229"}],"curies":[{"name":"wp","href":"https:\/\/api.w.org\/{rel}","templated":true}]}}