{"id":230,"date":"2026-02-23T09:24:28","date_gmt":"2026-02-23T09:24:28","guid":{"rendered":"https:\/\/chenabogados.com\/asesoramiento-en-derecho-mercantil\/"},"modified":"2026-02-23T09:24:32","modified_gmt":"2026-02-23T09:24:32","slug":"asesoramiento-en-derecho-mercantil","status":"publish","type":"page","link":"https:\/\/chenabogados.com\/en\/asesoramiento-en-derecho-mercantil\/","title":{"rendered":"Asesoramiento en Derecho Mercantil"},"content":{"rendered":"\t\t<div data-elementor-type=\"wp-page\" data-elementor-id=\"230\" class=\"elementor elementor-230\">\n\t\t\t\t<div class=\"elementor-element elementor-element-1tpbnbhf twbb_section twbb_full_h e-con-boxed e-flex e-con e-parent\" data-id=\"1tpbnbhf\" data-element_type=\"container\" id=\"hero-section-of-the-page-for-service-commercial-law-advisory\" data-settings=\"{&quot;background_background&quot;:&quot;classic&quot;,&quot;background_motion_fx_motion_fx_scrolling&quot;:&quot;yes&quot;,&quot;background_motion_fx_scale_effect&quot;:&quot;yes&quot;,&quot;background_motion_fx_scale_speed&quot;:{&quot;unit&quot;:&quot;px&quot;,&quot;size&quot;:7,&quot;sizes&quot;:[]},&quot;background_motion_fx_scale_direction&quot;:&quot;out-in&quot;,&quot;background_motion_fx_scale_range&quot;:{&quot;unit&quot;:&quot;%&quot;,&quot;size&quot;:&quot;&quot;,&quot;sizes&quot;:{&quot;start&quot;:20,&quot;end&quot;:80}},&quot;background_motion_fx_devices&quot;:[&quot;desktop&quot;,&quot;tablet&quot;,&quot;mobile&quot;]}\">\n\t\t\t\t\t<div class=\"e-con-inner\">\n\t\t\t\t<div class=\"elementor-element elementor-element-vz55o27g elementor-widget__width-initial elementor-widget-mobile__width-inherit elementor-widget-tablet__width-initial twbb-headline--style-highlight elementor-widget elementor-widget-twbbanimated-headline\" data-id=\"vz55o27g\" data-element_type=\"widget\" data-settings=\"{&quot;highlighted_text&quot;:&quot;Derecho Mercantil&quot;,&quot;marker&quot;:&quot;underline_zigzag&quot;,&quot;headline_style&quot;:&quot;highlight&quot;}\" data-widget_type=\"twbbanimated-headline.default\">\n\t\t\t\t<div class=\"elementor-widget-container\">\n\t\t\t\t\t    <h1 class=\"twbb-headline\">\n          <span class=\"twbb-headline-plain-text twbb-headline-text-wrapper\">Su <\/span>\n        <span class=\"twbb-headline-dynamic-wrapper twbb-headline-text-wrapper\"><\/span>\n          <span class=\"twbb-headline-plain-text twbb-headline-text-wrapper\"> Socio<\/span>\n        <\/h1>\n    \t\t\t\t<\/div>\n\t\t\t\t<\/div>\n\t\t\t\t<div class=\"elementor-element elementor-element-nfh8g8xn elementor-widget__width-initial elementor-widget-mobile__width-inherit elementor-widget-tablet__width-initial elementor-invisible elementor-widget elementor-widget-text-editor\" data-id=\"nfh8g8xn\" data-element_type=\"widget\" data-settings=\"{&quot;_animation&quot;:&quot;fadeInUp&quot;}\" data-widget_type=\"text-editor.default\">\n\t\t\t\t\t\t\t\t\tEn Chen Attorneys, proporcionamos servicios integrales de asesoramiento en derecho mercantil. Asistimos a las empresas en la redacci\u00f3n de contratos, negociaciones y resoluci\u00f3n de disputas. Nuestro enfoque se centra en proteger sus intereses comerciales y garantizar operaciones fluidas a trav\u00e9s de estrategias legales a medida. Perm\u00edtanos ser su socio legal de confianza.\t\t\t\t\t\t\t\t<\/div>\n\t\t<div class=\"elementor-element elementor-element-lt1fijhp e-con-full e-flex e-con e-parent\" data-id=\"lt1fijhp\" data-element_type=\"container\">\n\t\t\t\t<div class=\"elementor-element elementor-element-9yc9yw7x elementor-align-right elementor-mobile-align-center elementor-widget elementor-widget-button\" data-id=\"9yc9yw7x\" data-element_type=\"widget\" data-widget_type=\"button.default\">\n\t\t\t\t\t\t\t\t\t\t<a class=\"elementor-button elementor-button-link elementor-size-sm\" href=\"#commercial-law-advisory\">\n\t\t\t\t\t\t<span class=\"elementor-button-content-wrapper\">\n\t\t\t\t\t\t\t\t\t<span class=\"elementor-button-text\">M\u00e1s informaci\u00f3n<\/span>\n\t\t\t\t\t<\/span>\n\t\t\t\t\t<\/a>\n\t\t\t\t\t\t\t\t<\/div>\n\t\t\t\t<div class=\"elementor-element elementor-element-lkbqism8 elementor-align-left elementor-mobile-align-center elementor-widget elementor-widget-button\" data-id=\"lkbqism8\" data-element_type=\"widget\" data-widget_type=\"button.default\">\n\t\t\t\t\t\t\t\t\t\t<a class=\"elementor-button elementor-button-link elementor-size-sm\" href=\"https:\/\/chenabogados.com\/contacto\/\/\">\n\t\t\t\t\t\t<span class=\"elementor-button-content-wrapper\">\n\t\t\t\t\t\t\t\t\t<span class=\"elementor-button-text\">Cont\u00e1ctenos<\/span>\n\t\t\t\t\t<\/span>\n\t\t\t\t\t<\/a>\n\t\t\t\t\t\t\t\t<\/div>\n\t\t\t\t<\/div>\n\t\t\t\t\t<\/div>\n\t\t\t\t<\/div>\n\t\t<div class=\"elementor-element elementor-element-6kh9ee2f twbb_section e-con-boxed e-flex e-con e-parent\" data-id=\"6kh9ee2f\" data-element_type=\"container\" id=\"details-section-of-the-page-for-service-commercial-law-advisory\">\n\t\t\t\t\t<div class=\"e-con-inner\">\n\t\t<div class=\"elementor-element elementor-element-dkb7r6qu e-con-full e-flex e-con e-parent\" data-id=\"dkb7r6qu\" data-element_type=\"container\">\n\t\t\t\t<div class=\"elementor-element elementor-element-2bm34ash elementor-widget__width-initial elementor-widget-mobile__width-inherit elementor-widget-tablet__width-initial elementor-invisible elementor-widget elementor-widget-heading\" data-id=\"2bm34ash\" data-element_type=\"widget\" data-settings=\"{&quot;_animation&quot;:&quot;fadeInUp&quot;}\" data-widget_type=\"heading.default\">\n\t\t\t\t\t<h2 class=\"elementor-heading-title elementor-size-default\">\u00bfPor qu\u00e9 elegir nuestros servicios de derecho mercantil?<\/h2>\t\t\t\t<\/div>\n\t\t\t\t<div class=\"elementor-element elementor-element-x8ch7gvz elementor-widget__width-initial elementor-widget-mobile__width-inherit elementor-widget-tablet__width-initial elementor-invisible elementor-widget elementor-widget-text-editor\" data-id=\"x8ch7gvz\" data-element_type=\"widget\" data-settings=\"{&quot;_animation&quot;:&quot;fadeInUp&quot;}\" data-widget_type=\"text-editor.default\">\n\t\t\t\t\t\t\t\t\tEn Chen Attorneys, proporcionamos apoyo legal experto en la redacci\u00f3n de contratos, negociaciones, resoluci\u00f3n de disputas y cumplimiento normativo. Nuestras estrategias personalizadas ayudan a que su empresa opere sin problemas y protegen sus intereses de manera efectiva, asegurando que se mantenga a la vanguardia en un mercado competitivo.\t\t\t\t\t\t\t\t<\/div>\n\t\t<div class=\"elementor-element elementor-element-jf4zo6g7 e-con-full e-flex e-con e-parent\" data-id=\"jf4zo6g7\" data-element_type=\"container\">\n\t\t<div class=\"elementor-element elementor-element-3hs02mcd e-con-full e-flex e-con e-parent\" data-id=\"3hs02mcd\" data-element_type=\"container\">\n\t\t\t\t<div class=\"elementor-element elementor-element-yf1dg8ye elementor-widget__width-auto elementor-widget-mobile__width-auto elementor-widget-tablet__width-initial elementor-widget elementor-widget-counter\" data-id=\"yf1dg8ye\" data-element_type=\"widget\" data-widget_type=\"counter.default\">\n\t\t\t\t\t\t\t<div class=\"elementor-counter\">\n\t\t\t<div class=\"elementor-counter-title\">contratos redactados y revisados<\/div>\t\t\t<div class=\"elementor-counter-number-wrapper\">\n\t\t\t\t<span class=\"elementor-counter-number-prefix\"><\/span>\n\t\t\t\t<span class=\"elementor-counter-number\" data-duration=\"2000\" data-to-value=\"150\" data-from-value=\"0\">0<\/span>\n\t\t\t\t<span class=\"elementor-counter-number-suffix\"> $<\/span>\n\t\t\t<\/div>\n\t\t<\/div>\n\t\t\t\t\t\t<\/div>\n\t\t\t\t<\/div>\n\t\t<div class=\"elementor-element elementor-element-dn6wlirz e-con-full e-flex e-con e-parent\" data-id=\"dn6wlirz\" data-element_type=\"container\">\n\t\t\t\t<div class=\"elementor-element elementor-element-z42tz8r9 elementor-widget__width-auto elementor-widget-mobile__width-auto elementor-widget-tablet__width-initial elementor-widget elementor-widget-counter\" data-id=\"z42tz8r9\" data-element_type=\"widget\" data-widget_type=\"counter.default\">\n\t\t\t\t\t\t\t<div class=\"elementor-counter\">\n\t\t\t<div class=\"elementor-counter-title\">en acuerdos negociados<\/div>\t\t\t<div class=\"elementor-counter-number-wrapper\">\n\t\t\t\t<span class=\"elementor-counter-number-prefix\"><\/span>\n\t\t\t\t<span class=\"elementor-counter-number\" data-duration=\"2000\" data-to-value=\"50\" data-from-value=\"0\">0<\/span>\n\t\t\t\t<span class=\"elementor-counter-number-suffix\"> $<\/span>\n\t\t\t<\/div>\n\t\t<\/div>\n\t\t\t\t\t\t<\/div>\n\t\t\t\t<\/div>\n\t\t\t\t<\/div>\n\t\t<div class=\"elementor-element elementor-element-lpx7qux0 e-con-full e-flex e-con e-parent\" data-id=\"lpx7qux0\" data-element_type=\"container\">\n\t\t<div class=\"elementor-element elementor-element-g5p27zxe e-con-full e-flex e-con e-parent\" data-id=\"g5p27zxe\" data-element_type=\"container\">\n\t\t\t\t<div class=\"elementor-element elementor-element-jtcjagoc elementor-widget__width-auto elementor-widget-mobile__width-auto elementor-widget-tablet__width-initial elementor-widget elementor-widget-counter\" data-id=\"jtcjagoc\" data-element_type=\"widget\" data-widget_type=\"counter.default\">\n\t\t\t\t\t\t\t<div class=\"elementor-counter\">\n\t\t\t<div class=\"elementor-counter-title\">disputas resueltas<\/div>\t\t\t<div class=\"elementor-counter-number-wrapper\">\n\t\t\t\t<span class=\"elementor-counter-number-prefix\"><\/span>\n\t\t\t\t<span class=\"elementor-counter-number\" data-duration=\"2000\" data-to-value=\"30\" data-from-value=\"0\">0<\/span>\n\t\t\t\t<span class=\"elementor-counter-number-suffix\"> $<\/span>\n\t\t\t<\/div>\n\t\t<\/div>\n\t\t\t\t\t\t<\/div>\n\t\t\t\t<\/div>\n\t\t<div class=\"elementor-element elementor-element-8pz1coo2 e-con-full e-flex e-con e-parent\" data-id=\"8pz1coo2\" data-element_type=\"container\">\n\t\t\t\t<div class=\"elementor-element elementor-element-a5qo8bor elementor-widget__width-auto elementor-widget-mobile__width-auto elementor-widget-tablet__width-initial elementor-widget elementor-widget-counter\" data-id=\"a5qo8bor\" data-element_type=\"widget\" data-widget_type=\"counter.default\">\n\t\t\t\t\t\t\t<div class=\"elementor-counter\">\n\t\t\t<div class=\"elementor-counter-title\">apoyo en litigios<\/div>\t\t\t<div class=\"elementor-counter-number-wrapper\">\n\t\t\t\t<span class=\"elementor-counter-number-prefix\"><\/span>\n\t\t\t\t<span class=\"elementor-counter-number\" data-duration=\"2000\" data-to-value=\"20\" data-from-value=\"0\">0<\/span>\n\t\t\t\t<span class=\"elementor-counter-number-suffix\"> $<\/span>\n\t\t\t<\/div>\n\t\t<\/div>\n\t\t\t\t\t\t<\/div>\n\t\t\t\t<\/div>\n\t\t\t\t<\/div>\n\t\t\t\t<\/div>\n\t\t\t\t<div class=\"elementor-element elementor-element-mvdw0fvl elementor-widget__width-initial elementor-widget-mobile__width-inherit elementor-widget-tablet__width-initial elementor-widget elementor-widget-image\" data-id=\"mvdw0fvl\" data-element_type=\"widget\" data-widget_type=\"image.default\">\n\t\t\t\t\t\t\t\t\t\t\t\t\t\t\t<img fetchpriority=\"high\" decoding=\"async\" width=\"1024\" height=\"1024\" src=\"https:\/\/chenabogados.com\/wp-content\/uploads\/2026\/02\/tenweb_media_si6xfld5n.webp\" class=\"attachment-full size-full wp-image-174\" alt=\"\" srcset=\"https:\/\/chenabogados.com\/wp-content\/uploads\/2026\/02\/tenweb_media_si6xfld5n.webp 1024w, https:\/\/chenabogados.com\/wp-content\/uploads\/2026\/02\/tenweb_media_si6xfld5n-768x768.webp 768w\" sizes=\"(max-width: 1024px) 100vw, 1024px\" \/>\t\t\t\t\t\t\t\t\t\t\t\t\t\t\t<\/div>\n\t\t\t\t\t<\/div>\n\t\t\t\t<\/div>\n\t\t\t\t<\/div>\n\t\t","protected":false},"excerpt":{"rendered":"","protected":false},"author":0,"featured_media":0,"parent":0,"menu_order":0,"comment_status":"closed","ping_status":"publish","template":"","meta":{"footnotes":""},"class_list":["post-230","page","type-page","status-publish","hentry"],"yoast_head":"<!-- This site is optimized with the Yoast SEO plugin v27.0 - https:\/\/yoast.com\/product\/yoast-seo-wordpress\/ -->\n<title>Asesoramiento en Derecho Mercantil - Chen Abogados<\/title>\n<meta name=\"robots\" content=\"index, follow, max-snippet:-1, max-image-preview:large, max-video-preview:-1\" \/>\n<link rel=\"canonical\" href=\"https:\/\/chenabogados.com\/en\/asesoramiento-en-derecho-mercantil\/\" \/>\n<meta property=\"og:locale\" content=\"en_GB\" \/>\n<meta property=\"og:type\" content=\"article\" \/>\n<meta property=\"og:title\" content=\"Asesoramiento en Derecho Mercantil - Chen Abogados\" \/>\n<meta property=\"og:url\" content=\"https:\/\/chenabogados.com\/en\/asesoramiento-en-derecho-mercantil\/\" \/>\n<meta property=\"og:site_name\" content=\"Chen Abogados\" \/>\n<meta property=\"article:modified_time\" content=\"2026-02-23T09:24:32+00:00\" \/>\n<meta name=\"twitter:card\" content=\"summary_large_image\" \/>\n<script type=\"application\/ld+json\" class=\"yoast-schema-graph\">{\"@context\":\"https:\/\/schema.org\",\"@graph\":[{\"@type\":\"WebPage\",\"@id\":\"https:\/\/chenabogados.com\/asesoramiento-en-derecho-mercantil\/\",\"url\":\"https:\/\/chenabogados.com\/asesoramiento-en-derecho-mercantil\/\",\"name\":\"Asesoramiento en Derecho Mercantil - Chen Abogados\",\"isPartOf\":{\"@id\":\"https:\/\/chenabogados.com\/#website\"},\"datePublished\":\"2026-02-23T09:24:28+00:00\",\"dateModified\":\"2026-02-23T09:24:32+00:00\",\"breadcrumb\":{\"@id\":\"https:\/\/chenabogados.com\/asesoramiento-en-derecho-mercantil\/#breadcrumb\"},\"inLanguage\":\"en-GB\",\"potentialAction\":[{\"@type\":\"ReadAction\",\"target\":[\"https:\/\/chenabogados.com\/asesoramiento-en-derecho-mercantil\/\"]}]},{\"@type\":\"BreadcrumbList\",\"@id\":\"https:\/\/chenabogados.com\/asesoramiento-en-derecho-mercantil\/#breadcrumb\",\"itemListElement\":[{\"@type\":\"ListItem\",\"position\":1,\"name\":\"Home\",\"item\":\"https:\/\/chenabogados.com\/\"},{\"@type\":\"ListItem\",\"position\":2,\"name\":\"Asesoramiento en Derecho Mercantil\"}]},{\"@type\":\"WebSite\",\"@id\":\"https:\/\/chenabogados.com\/#website\",\"url\":\"https:\/\/chenabogados.com\/\",\"name\":\"Chen Abogados\",\"description\":\"\",\"potentialAction\":[{\"@type\":\"SearchAction\",\"target\":{\"@type\":\"EntryPoint\",\"urlTemplate\":\"https:\/\/chenabogados.com\/?s={search_term_string}\"},\"query-input\":{\"@type\":\"PropertyValueSpecification\",\"valueRequired\":true,\"valueName\":\"search_term_string\"}}],\"inLanguage\":\"en-GB\"}]}<\/script>\n<!-- \/ Yoast SEO plugin. -->","yoast_head_json":{"title":"Asesoramiento en Derecho Mercantil - Chen Abogados","robots":{"index":"index","follow":"follow","max-snippet":"max-snippet:-1","max-image-preview":"max-image-preview:large","max-video-preview":"max-video-preview:-1"},"canonical":"https:\/\/chenabogados.com\/en\/asesoramiento-en-derecho-mercantil\/","og_locale":"en_GB","og_type":"article","og_title":"Asesoramiento en Derecho Mercantil - Chen Abogados","og_url":"https:\/\/chenabogados.com\/en\/asesoramiento-en-derecho-mercantil\/","og_site_name":"Chen Abogados","article_modified_time":"2026-02-23T09:24:32+00:00","twitter_card":"summary_large_image","schema":{"@context":"https:\/\/schema.org","@graph":[{"@type":"WebPage","@id":"https:\/\/chenabogados.com\/asesoramiento-en-derecho-mercantil\/","url":"https:\/\/chenabogados.com\/asesoramiento-en-derecho-mercantil\/","name":"Asesoramiento en Derecho Mercantil - Chen Abogados","isPartOf":{"@id":"https:\/\/chenabogados.com\/#website"},"datePublished":"2026-02-23T09:24:28+00:00","dateModified":"2026-02-23T09:24:32+00:00","breadcrumb":{"@id":"https:\/\/chenabogados.com\/asesoramiento-en-derecho-mercantil\/#breadcrumb"},"inLanguage":"en-GB","potentialAction":[{"@type":"ReadAction","target":["https:\/\/chenabogados.com\/asesoramiento-en-derecho-mercantil\/"]}]},{"@type":"BreadcrumbList","@id":"https:\/\/chenabogados.com\/asesoramiento-en-derecho-mercantil\/#breadcrumb","itemListElement":[{"@type":"ListItem","position":1,"name":"Home","item":"https:\/\/chenabogados.com\/"},{"@type":"ListItem","position":2,"name":"Asesoramiento en Derecho Mercantil"}]},{"@type":"WebSite","@id":"https:\/\/chenabogados.com\/#website","url":"https:\/\/chenabogados.com\/","name":"Chen Abogados","description":"","potentialAction":[{"@type":"SearchAction","target":{"@type":"EntryPoint","urlTemplate":"https:\/\/chenabogados.com\/?s={search_term_string}"},"query-input":{"@type":"PropertyValueSpecification","valueRequired":true,"valueName":"search_term_string"}}],"inLanguage":"en-GB"}]}},"_links":{"self":[{"href":"https:\/\/chenabogados.com\/en\/wp-json\/wp\/v2\/pages\/230","targetHints":{"allow":["GET"]}}],"collection":[{"href":"https:\/\/chenabogados.com\/en\/wp-json\/wp\/v2\/pages"}],"about":[{"href":"https:\/\/chenabogados.com\/en\/wp-json\/wp\/v2\/types\/page"}],"replies":[{"embeddable":true,"href":"https:\/\/chenabogados.com\/en\/wp-json\/wp\/v2\/comments?post=230"}],"version-history":[{"count":0,"href":"https:\/\/chenabogados.com\/en\/wp-json\/wp\/v2\/pages\/230\/revisions"}],"wp:attachment":[{"href":"https:\/\/chenabogados.com\/en\/wp-json\/wp\/v2\/media?parent=230"}],"curies":[{"name":"wp","href":"https:\/\/api.w.org\/{rel}","templated":true}]}}