{"id":231,"date":"2026-02-23T09:24:28","date_gmt":"2026-02-23T09:24:28","guid":{"rendered":"https:\/\/chenabogados.com\/asesoramiento-en-derecho-laboral\/"},"modified":"2026-02-23T09:24:32","modified_gmt":"2026-02-23T09:24:32","slug":"asesoramiento-en-derecho-laboral","status":"publish","type":"page","link":"https:\/\/chenabogados.com\/en\/asesoramiento-en-derecho-laboral\/","title":{"rendered":"Asesoramiento en Derecho Laboral"},"content":{"rendered":"\t\t<div data-elementor-type=\"wp-page\" data-elementor-id=\"231\" class=\"elementor elementor-231\">\n\t\t\t\t<div class=\"elementor-element elementor-element-r664y44h twbb_section twbb_full_h e-con-boxed e-flex e-con e-parent\" data-id=\"r664y44h\" data-element_type=\"container\" id=\"hero-section-of-the-page-for-service-labor-law-consultation\" data-settings=\"{&quot;background_background&quot;:&quot;classic&quot;,&quot;background_motion_fx_motion_fx_scrolling&quot;:&quot;yes&quot;,&quot;background_motion_fx_scale_effect&quot;:&quot;yes&quot;,&quot;background_motion_fx_scale_speed&quot;:{&quot;unit&quot;:&quot;px&quot;,&quot;size&quot;:7,&quot;sizes&quot;:[]},&quot;background_motion_fx_scale_direction&quot;:&quot;out-in&quot;,&quot;background_motion_fx_scale_range&quot;:{&quot;unit&quot;:&quot;%&quot;,&quot;size&quot;:&quot;&quot;,&quot;sizes&quot;:{&quot;start&quot;:20,&quot;end&quot;:80}},&quot;background_motion_fx_devices&quot;:[&quot;desktop&quot;,&quot;tablet&quot;,&quot;mobile&quot;]}\">\n\t\t\t\t\t<div class=\"e-con-inner\">\n\t\t\t\t<div class=\"elementor-element elementor-element-ki36ymut elementor-widget__width-initial elementor-widget-mobile__width-inherit elementor-widget-tablet__width-initial twbb-headline--style-highlight elementor-widget elementor-widget-twbbanimated-headline\" data-id=\"ki36ymut\" data-element_type=\"widget\" data-settings=\"{&quot;highlighted_text&quot;:&quot;Derecho Laboral&quot;,&quot;marker&quot;:&quot;underline_zigzag&quot;,&quot;headline_style&quot;:&quot;highlight&quot;}\" data-widget_type=\"twbbanimated-headline.default\">\n\t\t\t\t<div class=\"elementor-widget-container\">\n\t\t\t\t\t    <h1 class=\"twbb-headline\">\n          <span class=\"twbb-headline-plain-text twbb-headline-text-wrapper\">Experto <\/span>\n        <span class=\"twbb-headline-dynamic-wrapper twbb-headline-text-wrapper\"><\/span>\n          <span class=\"twbb-headline-plain-text twbb-headline-text-wrapper\"> Asesoramiento<\/span>\n        <\/h1>\n    \t\t\t\t<\/div>\n\t\t\t\t<\/div>\n\t\t\t\t<div class=\"elementor-element elementor-element-n0mww913 elementor-widget__width-initial elementor-widget-mobile__width-inherit elementor-widget-tablet__width-initial elementor-invisible elementor-widget elementor-widget-text-editor\" data-id=\"n0mww913\" data-element_type=\"widget\" data-settings=\"{&quot;_animation&quot;:&quot;fadeInUp&quot;}\" data-widget_type=\"text-editor.default\">\n\t\t\t\t\t\t\t\t\tNavegue por las complejas leyes laborales con CHEN ABOGADOS. Ofrecemos asesoramiento experto en contratos de trabajo, pol\u00edticas laborales y resoluci\u00f3n de conflictos. Nuestro enfoque personalizado garantiza que su empresa cumpla con las normativas y fomente un ambiente de trabajo positivo. \u00a1Cont\u00e1ctenos hoy mismo!\t\t\t\t\t\t\t\t<\/div>\n\t\t<div class=\"elementor-element elementor-element-u39jq6k5 e-con-full e-flex e-con e-parent\" data-id=\"u39jq6k5\" data-element_type=\"container\">\n\t\t\t\t<div class=\"elementor-element elementor-element-8og1qgf1 elementor-align-right elementor-mobile-align-center elementor-widget elementor-widget-button\" data-id=\"8og1qgf1\" data-element_type=\"widget\" data-widget_type=\"button.default\">\n\t\t\t\t\t\t\t\t\t\t<a class=\"elementor-button elementor-button-link elementor-size-sm\" href=\"#labor-law-consultation\">\n\t\t\t\t\t\t<span class=\"elementor-button-content-wrapper\">\n\t\t\t\t\t\t\t\t\t<span class=\"elementor-button-text\">M\u00e1s informaci\u00f3n<\/span>\n\t\t\t\t\t<\/span>\n\t\t\t\t\t<\/a>\n\t\t\t\t\t\t\t\t<\/div>\n\t\t\t\t<div class=\"elementor-element elementor-element-l4fxuyvc elementor-align-left elementor-mobile-align-center elementor-widget elementor-widget-button\" data-id=\"l4fxuyvc\" data-element_type=\"widget\" data-widget_type=\"button.default\">\n\t\t\t\t\t\t\t\t\t\t<a class=\"elementor-button elementor-button-link elementor-size-sm\" href=\"https:\/\/chenabogados.com\/contacto\/\/\">\n\t\t\t\t\t\t<span class=\"elementor-button-content-wrapper\">\n\t\t\t\t\t\t\t\t\t<span class=\"elementor-button-text\">Cont\u00e1ctenos<\/span>\n\t\t\t\t\t<\/span>\n\t\t\t\t\t<\/a>\n\t\t\t\t\t\t\t\t<\/div>\n\t\t\t\t<\/div>\n\t\t\t\t\t<\/div>\n\t\t\t\t<\/div>\n\t\t<div class=\"elementor-element elementor-element-2ozjvoeh twbb_section e-con-boxed e-flex e-con e-parent\" data-id=\"2ozjvoeh\" data-element_type=\"container\" id=\"details-section-of-the-page-for-service-labor-law-consultation\">\n\t\t\t\t\t<div class=\"e-con-inner\">\n\t\t\t\t<div class=\"elementor-element elementor-element-tpfx6uee elementor-widget__width-initial elementor-widget-mobile__width-inherit elementor-widget-tablet__width-initial elementor-widget elementor-widget-image\" data-id=\"tpfx6uee\" data-element_type=\"widget\" data-widget_type=\"image.default\">\n\t\t\t\t\t\t\t\t\t\t\t\t\t\t\t<img fetchpriority=\"high\" decoding=\"async\" width=\"1024\" height=\"1024\" src=\"https:\/\/chenabogados.com\/wp-content\/uploads\/2026\/02\/tenweb_media_sfja6jng7.webp\" class=\"attachment-full size-full wp-image-177\" alt=\"\" srcset=\"https:\/\/chenabogados.com\/wp-content\/uploads\/2026\/02\/tenweb_media_sfja6jng7.webp 1024w, https:\/\/chenabogados.com\/wp-content\/uploads\/2026\/02\/tenweb_media_sfja6jng7-768x768.webp 768w\" sizes=\"(max-width: 1024px) 100vw, 1024px\" \/>\t\t\t\t\t\t\t\t\t\t\t\t\t\t\t<\/div>\n\t\t<div class=\"elementor-element elementor-element-tppqlqez e-con-full e-flex e-con e-parent\" data-id=\"tppqlqez\" data-element_type=\"container\">\n\t\t\t\t<div class=\"elementor-element elementor-element-4j7tohuo elementor-widget__width-initial elementor-widget-mobile__width-inherit elementor-widget-tablet__width-initial elementor-invisible elementor-widget elementor-widget-heading\" data-id=\"4j7tohuo\" data-element_type=\"widget\" data-settings=\"{&quot;_animation&quot;:&quot;fadeInUp&quot;}\" data-widget_type=\"heading.default\">\n\t\t\t\t\t<h2 class=\"elementor-heading-title elementor-size-default\">\u00bfPor qu\u00e9 elegir nuestros servicios de <em>Asesoramiento en Derecho Laboral<\/em>?<\/h2>\t\t\t\t<\/div>\n\t\t\t\t<div class=\"elementor-element elementor-element-nrrkb6a8 elementor-widget__width-initial elementor-widget-mobile__width-inherit elementor-widget-tablet__width-initial elementor-invisible elementor-widget elementor-widget-text-editor\" data-id=\"nrrkb6a8\" data-element_type=\"widget\" data-settings=\"{&quot;_animation&quot;:&quot;fadeInUp&quot;}\" data-widget_type=\"text-editor.default\">\n\t\t\t\t\t\t\t\t\tEn Chen Attorneys, ofrecemos soluciones de derecho laboral a medida para ayudar a su empresa a cumplir con la normativa y fomentar un ambiente de trabajo positivo. Nuestro equipo de expertos proporciona un apoyo integral, incluyendo contratos de trabajo, pol\u00edticas laborales y resoluci\u00f3n de conflictos, garantizando la salud legal de su empresa y la satisfacci\u00f3n de los empleados.\t\t\t\t\t\t\t\t<\/div>\n\t\t<div class=\"elementor-element elementor-element-acunwg7v e-con-full e-flex e-con e-parent\" data-id=\"acunwg7v\" data-element_type=\"container\">\n\t\t<div class=\"elementor-element elementor-element-dxjmz1xr e-con-full e-flex e-con e-parent\" data-id=\"dxjmz1xr\" data-element_type=\"container\">\n\t\t\t\t<div class=\"elementor-element elementor-element-dij9vh9i elementor-widget__width-auto elementor-widget-mobile__width-auto elementor-widget-tablet__width-initial elementor-widget elementor-widget-counter\" data-id=\"dij9vh9i\" data-element_type=\"widget\" data-widget_type=\"counter.default\">\n\t\t\t\t\t\t\t<div class=\"elementor-counter\">\n\t\t\t<div class=\"elementor-counter-title\">redacci\u00f3n y revisi\u00f3n de contratos de trabajo<\/div>\t\t\t<div class=\"elementor-counter-number-wrapper\">\n\t\t\t\t<span class=\"elementor-counter-number-prefix\"><\/span>\n\t\t\t\t<span class=\"elementor-counter-number\" data-duration=\"2000\" data-to-value=\"150\" data-from-value=\"0\">0<\/span>\n\t\t\t\t<span class=\"elementor-counter-number-suffix\"> \u20ac<\/span>\n\t\t\t<\/div>\n\t\t<\/div>\n\t\t\t\t\t\t<\/div>\n\t\t\t\t<\/div>\n\t\t<div class=\"elementor-element elementor-element-4qggca2t e-con-full e-flex e-con e-parent\" data-id=\"4qggca2t\" data-element_type=\"container\">\n\t\t\t\t<div class=\"elementor-element elementor-element-92yx1msn elementor-widget__width-auto elementor-widget-mobile__width-auto elementor-widget-tablet__width-initial elementor-widget elementor-widget-counter\" data-id=\"92yx1msn\" data-element_type=\"widget\" data-widget_type=\"counter.default\">\n\t\t\t\t\t\t\t<div class=\"elementor-counter\">\n\t\t\t<div class=\"elementor-counter-title\">desarrollo de pol\u00edticas laborales<\/div>\t\t\t<div class=\"elementor-counter-number-wrapper\">\n\t\t\t\t<span class=\"elementor-counter-number-prefix\"><\/span>\n\t\t\t\t<span class=\"elementor-counter-number\" data-duration=\"2000\" data-to-value=\"50\" data-from-value=\"0\">0<\/span>\n\t\t\t\t<span class=\"elementor-counter-number-suffix\"> \u20ac<\/span>\n\t\t\t<\/div>\n\t\t<\/div>\n\t\t\t\t\t\t<\/div>\n\t\t\t\t<\/div>\n\t\t\t\t<\/div>\n\t\t<div class=\"elementor-element elementor-element-3dmt563e e-con-full e-flex e-con e-parent\" data-id=\"3dmt563e\" data-element_type=\"container\">\n\t\t<div class=\"elementor-element elementor-element-p1t0ok8l e-con-full e-flex e-con e-parent\" data-id=\"p1t0ok8l\" data-element_type=\"container\">\n\t\t\t\t<div class=\"elementor-element elementor-element-5yswf6oc elementor-widget__width-auto elementor-widget-mobile__width-auto elementor-widget-tablet__width-initial elementor-widget elementor-widget-counter\" data-id=\"5yswf6oc\" data-element_type=\"widget\" data-widget_type=\"counter.default\">\n\t\t\t\t\t\t\t<div class=\"elementor-counter\">\n\t\t\t<div class=\"elementor-counter-title\">resoluci\u00f3n de conflictos laborales<\/div>\t\t\t<div class=\"elementor-counter-number-wrapper\">\n\t\t\t\t<span class=\"elementor-counter-number-prefix\"><\/span>\n\t\t\t\t<span class=\"elementor-counter-number\" data-duration=\"2000\" data-to-value=\"30\" data-from-value=\"0\">0<\/span>\n\t\t\t\t<span class=\"elementor-counter-number-suffix\"> \u20ac<\/span>\n\t\t\t<\/div>\n\t\t<\/div>\n\t\t\t\t\t\t<\/div>\n\t\t\t\t<\/div>\n\t\t<div class=\"elementor-element elementor-element-wcir00vn e-con-full e-flex e-con e-parent\" data-id=\"wcir00vn\" data-element_type=\"container\">\n\t\t\t\t<div class=\"elementor-element elementor-element-n457zi3g elementor-widget__width-auto elementor-widget-mobile__width-auto elementor-widget-tablet__width-initial elementor-widget elementor-widget-counter\" data-id=\"n457zi3g\" data-element_type=\"widget\" data-widget_type=\"counter.default\">\n\t\t\t\t\t\t\t<div class=\"elementor-counter\">\n\t\t\t<div class=\"elementor-counter-title\">asesoramiento sobre cumplimiento laboral<\/div>\t\t\t<div class=\"elementor-counter-number-wrapper\">\n\t\t\t\t<span class=\"elementor-counter-number-prefix\"><\/span>\n\t\t\t\t<span class=\"elementor-counter-number\" data-duration=\"2000\" data-to-value=\"100\" data-from-value=\"0\">0<\/span>\n\t\t\t\t<span class=\"elementor-counter-number-suffix\"> \u20ac<\/span>\n\t\t\t<\/div>\n\t\t<\/div>\n\t\t\t\t\t\t<\/div>\n\t\t\t\t<\/div>\n\t\t\t\t<\/div>\n\t\t\t\t<\/div>\n\t\t\t\t\t<\/div>\n\t\t\t\t<\/div>\n\t\t\t\t<\/div>\n\t\t","protected":false},"excerpt":{"rendered":"","protected":false},"author":0,"featured_media":0,"parent":0,"menu_order":0,"comment_status":"closed","ping_status":"publish","template":"","meta":{"footnotes":""},"class_list":["post-231","page","type-page","status-publish","hentry"],"yoast_head":"<!-- This site is optimized with the Yoast SEO plugin v27.0 - https:\/\/yoast.com\/product\/yoast-seo-wordpress\/ -->\n<title>Asesoramiento en Derecho Laboral - Chen Abogados<\/title>\n<meta name=\"robots\" content=\"index, follow, max-snippet:-1, max-image-preview:large, max-video-preview:-1\" \/>\n<link rel=\"canonical\" href=\"https:\/\/chenabogados.com\/en\/asesoramiento-en-derecho-laboral\/\" \/>\n<meta property=\"og:locale\" content=\"en_GB\" \/>\n<meta property=\"og:type\" content=\"article\" \/>\n<meta property=\"og:title\" content=\"Asesoramiento en Derecho Laboral - Chen Abogados\" \/>\n<meta property=\"og:url\" content=\"https:\/\/chenabogados.com\/en\/asesoramiento-en-derecho-laboral\/\" \/>\n<meta property=\"og:site_name\" content=\"Chen Abogados\" \/>\n<meta property=\"article:modified_time\" content=\"2026-02-23T09:24:32+00:00\" \/>\n<meta name=\"twitter:card\" content=\"summary_large_image\" \/>\n<script type=\"application\/ld+json\" class=\"yoast-schema-graph\">{\"@context\":\"https:\/\/schema.org\",\"@graph\":[{\"@type\":\"WebPage\",\"@id\":\"https:\/\/chenabogados.com\/asesoramiento-en-derecho-laboral\/\",\"url\":\"https:\/\/chenabogados.com\/asesoramiento-en-derecho-laboral\/\",\"name\":\"Asesoramiento en Derecho Laboral - Chen Abogados\",\"isPartOf\":{\"@id\":\"https:\/\/chenabogados.com\/#website\"},\"datePublished\":\"2026-02-23T09:24:28+00:00\",\"dateModified\":\"2026-02-23T09:24:32+00:00\",\"breadcrumb\":{\"@id\":\"https:\/\/chenabogados.com\/asesoramiento-en-derecho-laboral\/#breadcrumb\"},\"inLanguage\":\"en-GB\",\"potentialAction\":[{\"@type\":\"ReadAction\",\"target\":[\"https:\/\/chenabogados.com\/asesoramiento-en-derecho-laboral\/\"]}]},{\"@type\":\"BreadcrumbList\",\"@id\":\"https:\/\/chenabogados.com\/asesoramiento-en-derecho-laboral\/#breadcrumb\",\"itemListElement\":[{\"@type\":\"ListItem\",\"position\":1,\"name\":\"Home\",\"item\":\"https:\/\/chenabogados.com\/\"},{\"@type\":\"ListItem\",\"position\":2,\"name\":\"Asesoramiento en Derecho Laboral\"}]},{\"@type\":\"WebSite\",\"@id\":\"https:\/\/chenabogados.com\/#website\",\"url\":\"https:\/\/chenabogados.com\/\",\"name\":\"Chen Abogados\",\"description\":\"\",\"potentialAction\":[{\"@type\":\"SearchAction\",\"target\":{\"@type\":\"EntryPoint\",\"urlTemplate\":\"https:\/\/chenabogados.com\/?s={search_term_string}\"},\"query-input\":{\"@type\":\"PropertyValueSpecification\",\"valueRequired\":true,\"valueName\":\"search_term_string\"}}],\"inLanguage\":\"en-GB\"}]}<\/script>\n<!-- \/ Yoast SEO plugin. -->","yoast_head_json":{"title":"Asesoramiento en Derecho Laboral - Chen Abogados","robots":{"index":"index","follow":"follow","max-snippet":"max-snippet:-1","max-image-preview":"max-image-preview:large","max-video-preview":"max-video-preview:-1"},"canonical":"https:\/\/chenabogados.com\/en\/asesoramiento-en-derecho-laboral\/","og_locale":"en_GB","og_type":"article","og_title":"Asesoramiento en Derecho Laboral - Chen Abogados","og_url":"https:\/\/chenabogados.com\/en\/asesoramiento-en-derecho-laboral\/","og_site_name":"Chen Abogados","article_modified_time":"2026-02-23T09:24:32+00:00","twitter_card":"summary_large_image","schema":{"@context":"https:\/\/schema.org","@graph":[{"@type":"WebPage","@id":"https:\/\/chenabogados.com\/asesoramiento-en-derecho-laboral\/","url":"https:\/\/chenabogados.com\/asesoramiento-en-derecho-laboral\/","name":"Asesoramiento en Derecho Laboral - Chen Abogados","isPartOf":{"@id":"https:\/\/chenabogados.com\/#website"},"datePublished":"2026-02-23T09:24:28+00:00","dateModified":"2026-02-23T09:24:32+00:00","breadcrumb":{"@id":"https:\/\/chenabogados.com\/asesoramiento-en-derecho-laboral\/#breadcrumb"},"inLanguage":"en-GB","potentialAction":[{"@type":"ReadAction","target":["https:\/\/chenabogados.com\/asesoramiento-en-derecho-laboral\/"]}]},{"@type":"BreadcrumbList","@id":"https:\/\/chenabogados.com\/asesoramiento-en-derecho-laboral\/#breadcrumb","itemListElement":[{"@type":"ListItem","position":1,"name":"Home","item":"https:\/\/chenabogados.com\/"},{"@type":"ListItem","position":2,"name":"Asesoramiento en Derecho Laboral"}]},{"@type":"WebSite","@id":"https:\/\/chenabogados.com\/#website","url":"https:\/\/chenabogados.com\/","name":"Chen Abogados","description":"","potentialAction":[{"@type":"SearchAction","target":{"@type":"EntryPoint","urlTemplate":"https:\/\/chenabogados.com\/?s={search_term_string}"},"query-input":{"@type":"PropertyValueSpecification","valueRequired":true,"valueName":"search_term_string"}}],"inLanguage":"en-GB"}]}},"_links":{"self":[{"href":"https:\/\/chenabogados.com\/en\/wp-json\/wp\/v2\/pages\/231","targetHints":{"allow":["GET"]}}],"collection":[{"href":"https:\/\/chenabogados.com\/en\/wp-json\/wp\/v2\/pages"}],"about":[{"href":"https:\/\/chenabogados.com\/en\/wp-json\/wp\/v2\/types\/page"}],"replies":[{"embeddable":true,"href":"https:\/\/chenabogados.com\/en\/wp-json\/wp\/v2\/comments?post=231"}],"version-history":[{"count":0,"href":"https:\/\/chenabogados.com\/en\/wp-json\/wp\/v2\/pages\/231\/revisions"}],"wp:attachment":[{"href":"https:\/\/chenabogados.com\/en\/wp-json\/wp\/v2\/media?parent=231"}],"curies":[{"name":"wp","href":"https:\/\/api.w.org\/{rel}","templated":true}]}}