{"id":232,"date":"2026-02-23T09:24:28","date_gmt":"2026-02-23T09:24:28","guid":{"rendered":"https:\/\/chenabogados.com\/apoyo-en-derecho-administrativo\/"},"modified":"2026-02-23T09:24:32","modified_gmt":"2026-02-23T09:24:32","slug":"apoyo-en-derecho-administrativo","status":"publish","type":"page","link":"https:\/\/chenabogados.com\/en\/apoyo-en-derecho-administrativo\/","title":{"rendered":"Apoyo en Derecho Administrativo"},"content":{"rendered":"\t\t<div data-elementor-type=\"wp-page\" data-elementor-id=\"232\" class=\"elementor elementor-232\">\n\t\t\t\t<div class=\"elementor-element elementor-element-eoa9gt4j twbb_section twbb_full_h e-con-boxed e-flex e-con e-parent\" data-id=\"eoa9gt4j\" data-element_type=\"container\" id=\"hero-section-of-the-page-for-service-administrative-law-support\" data-settings=\"{&quot;background_background&quot;:&quot;classic&quot;,&quot;background_motion_fx_motion_fx_scrolling&quot;:&quot;yes&quot;,&quot;background_motion_fx_scale_effect&quot;:&quot;yes&quot;,&quot;background_motion_fx_scale_speed&quot;:{&quot;unit&quot;:&quot;px&quot;,&quot;size&quot;:7,&quot;sizes&quot;:[]},&quot;background_motion_fx_scale_direction&quot;:&quot;out-in&quot;,&quot;background_motion_fx_scale_range&quot;:{&quot;unit&quot;:&quot;%&quot;,&quot;size&quot;:&quot;&quot;,&quot;sizes&quot;:{&quot;start&quot;:20,&quot;end&quot;:80}},&quot;background_motion_fx_devices&quot;:[&quot;desktop&quot;,&quot;tablet&quot;,&quot;mobile&quot;]}\">\n\t\t\t\t\t<div class=\"e-con-inner\">\n\t\t\t\t<div class=\"elementor-element elementor-element-mw14yas4 elementor-widget__width-initial elementor-widget-mobile__width-inherit elementor-widget-tablet__width-initial twbb-headline--style-highlight elementor-widget elementor-widget-twbbanimated-headline\" data-id=\"mw14yas4\" data-element_type=\"widget\" data-settings=\"{&quot;highlighted_text&quot;:&quot;Defensores del &quot;,&quot;marker&quot;:&quot;underline_zigzag&quot;,&quot;headline_style&quot;:&quot;highlight&quot;}\" data-widget_type=\"twbbanimated-headline.default\">\n\t\t\t\t<div class=\"elementor-widget-container\">\n\t\t\t\t\t    <h1 class=\"twbb-headline\">\n          <span class=\"twbb-headline-plain-text twbb-headline-text-wrapper\">Sus <\/span>\n        <span class=\"twbb-headline-dynamic-wrapper twbb-headline-text-wrapper\"><\/span>\n          <span class=\"twbb-headline-plain-text twbb-headline-text-wrapper\">Derecho Administrativo<\/span>\n        <\/h1>\n    \t\t\t\t<\/div>\n\t\t\t\t<\/div>\n\t\t\t\t<div class=\"elementor-element elementor-element-5snxgufk elementor-widget__width-initial elementor-widget-mobile__width-inherit elementor-widget-tablet__width-initial elementor-invisible elementor-widget elementor-widget-text-editor\" data-id=\"5snxgufk\" data-element_type=\"widget\" data-settings=\"{&quot;_animation&quot;:&quot;fadeInUp&quot;}\" data-widget_type=\"text-editor.default\">\n\t\t\t\t\t\t\t\t\tEn Chen Attorneys, proporcionamos orientaci\u00f3n y representaci\u00f3n experta en todos los asuntos de derecho administrativo. Desde el cumplimiento normativo hasta las audiencias administrativas, abogamos en su nombre para garantizar la protecci\u00f3n de sus intereses. Perm\u00edtanos navegar por las complejidades del derecho administrativo por usted.\t\t\t\t\t\t\t\t<\/div>\n\t\t<div class=\"elementor-element elementor-element-lf5qd638 e-con-full e-flex e-con e-parent\" data-id=\"lf5qd638\" data-element_type=\"container\">\n\t\t\t\t<div class=\"elementor-element elementor-element-f1sh8i52 elementor-align-right elementor-mobile-align-center elementor-widget elementor-widget-button\" data-id=\"f1sh8i52\" data-element_type=\"widget\" data-widget_type=\"button.default\">\n\t\t\t\t\t\t\t\t\t\t<a class=\"elementor-button elementor-button-link elementor-size-sm\" href=\"#Details%20section%20of%20the%20page%20for%20service%20Administrative%20Law%20Support\">\n\t\t\t\t\t\t<span class=\"elementor-button-content-wrapper\">\n\t\t\t\t\t\t\t\t\t<span class=\"elementor-button-text\">M\u00e1s informaci\u00f3n<\/span>\n\t\t\t\t\t<\/span>\n\t\t\t\t\t<\/a>\n\t\t\t\t\t\t\t\t<\/div>\n\t\t\t\t<div class=\"elementor-element elementor-element-zluc1pbu elementor-align-left elementor-mobile-align-center elementor-widget elementor-widget-button\" data-id=\"zluc1pbu\" data-element_type=\"widget\" data-widget_type=\"button.default\">\n\t\t\t\t\t\t\t\t\t\t<a class=\"elementor-button elementor-button-link elementor-size-sm\" href=\"https:\/\/chenabogados.com\/contacto\/\/\">\n\t\t\t\t\t\t<span class=\"elementor-button-content-wrapper\">\n\t\t\t\t\t\t\t\t\t<span class=\"elementor-button-text\">Cont\u00e1ctenos<\/span>\n\t\t\t\t\t<\/span>\n\t\t\t\t\t<\/a>\n\t\t\t\t\t\t\t\t<\/div>\n\t\t\t\t<\/div>\n\t\t\t\t\t<\/div>\n\t\t\t\t<\/div>\n\t\t<div class=\"elementor-element elementor-element-jmmcd2n0 twbb_section e-con-boxed e-flex e-con e-parent\" data-id=\"jmmcd2n0\" data-element_type=\"container\" id=\"details-section-of-the-page-for-service-administrative-law-support\">\n\t\t\t\t\t<div class=\"e-con-inner\">\n\t\t<div class=\"elementor-element elementor-element-xtm9iqnm e-con-full e-flex e-con e-parent\" data-id=\"xtm9iqnm\" data-element_type=\"container\">\n\t\t\t\t<div class=\"elementor-element elementor-element-2w5dftp1 elementor-widget__width-initial elementor-widget-mobile__width-inherit elementor-widget-tablet__width-initial elementor-invisible elementor-widget elementor-widget-heading\" data-id=\"2w5dftp1\" data-element_type=\"widget\" data-settings=\"{&quot;_animation&quot;:&quot;fadeInUp&quot;}\" data-widget_type=\"heading.default\">\n\t\t\t\t\t<h2 class=\"elementor-heading-title elementor-size-default\">\u00bfPor qu\u00e9 elegir nuestro apoyo en derecho administrativo?<\/h2>\t\t\t\t<\/div>\n\t\t\t\t<div class=\"elementor-element elementor-element-fsfl9htu elementor-widget__width-initial elementor-widget-mobile__width-inherit elementor-widget-tablet__width-initial elementor-invisible elementor-widget elementor-widget-text-editor\" data-id=\"fsfl9htu\" data-element_type=\"widget\" data-settings=\"{&quot;_animation&quot;:&quot;fadeInUp&quot;}\" data-widget_type=\"text-editor.default\">\n\t\t\t\t\t\t\t\t\tEn Chen Attorneys, nuestros servicios de derecho administrativo proporcionan orientaci\u00f3n experta sobre las regulaciones gubernamentales, licencias y procedimientos administrativos. Asistimos a los clientes en la obtenci\u00f3n de permisos, represent\u00e1ndolos en audiencias y navegando por las complejas pol\u00edticas gubernamentales. Nuestro enfoque personalizado garantiza el cumplimiento y la resoluci\u00f3n eficiente de los problemas administrativos, brind\u00e1ndole tranquilidad y confianza legal.\t\t\t\t\t\t\t\t<\/div>\n\t\t\t\t<\/div>\n\t\t\t\t<div class=\"elementor-element elementor-element-8afb6nk6 elementor-widget__width-initial elementor-widget-mobile__width-inherit elementor-widget-tablet__width-initial elementor-widget elementor-widget-image\" data-id=\"8afb6nk6\" data-element_type=\"widget\" data-widget_type=\"image.default\">\n\t\t\t\t\t\t\t\t\t\t\t\t\t\t\t<img fetchpriority=\"high\" decoding=\"async\" width=\"1024\" height=\"576\" src=\"https:\/\/chenabogados.com\/wp-content\/uploads\/2026\/02\/tenweb_media_sqignggsh.webp\" class=\"attachment-full size-full wp-image-197\" alt=\"\" srcset=\"https:\/\/chenabogados.com\/wp-content\/uploads\/2026\/02\/tenweb_media_sqignggsh.webp 1024w, https:\/\/chenabogados.com\/wp-content\/uploads\/2026\/02\/tenweb_media_sqignggsh-768x432.webp 768w\" sizes=\"(max-width: 1024px) 100vw, 1024px\" \/>\t\t\t\t\t\t\t\t\t\t\t\t\t\t\t<\/div>\n\t\t\t\t\t<\/div>\n\t\t\t\t<\/div>\n\t\t\t\t<\/div>\n\t\t","protected":false},"excerpt":{"rendered":"","protected":false},"author":0,"featured_media":0,"parent":0,"menu_order":0,"comment_status":"closed","ping_status":"publish","template":"","meta":{"footnotes":""},"class_list":["post-232","page","type-page","status-publish","hentry"],"yoast_head":"<!-- This site is optimized with the Yoast SEO plugin v27.0 - https:\/\/yoast.com\/product\/yoast-seo-wordpress\/ -->\n<title>Apoyo en Derecho Administrativo - Chen Abogados<\/title>\n<meta name=\"robots\" content=\"index, follow, max-snippet:-1, max-image-preview:large, max-video-preview:-1\" \/>\n<link rel=\"canonical\" href=\"https:\/\/chenabogados.com\/en\/apoyo-en-derecho-administrativo\/\" \/>\n<meta property=\"og:locale\" content=\"en_GB\" \/>\n<meta property=\"og:type\" content=\"article\" \/>\n<meta property=\"og:title\" content=\"Apoyo en Derecho Administrativo - Chen Abogados\" \/>\n<meta property=\"og:url\" content=\"https:\/\/chenabogados.com\/en\/apoyo-en-derecho-administrativo\/\" \/>\n<meta property=\"og:site_name\" content=\"Chen Abogados\" \/>\n<meta property=\"article:modified_time\" content=\"2026-02-23T09:24:32+00:00\" \/>\n<meta name=\"twitter:card\" content=\"summary_large_image\" \/>\n<script type=\"application\/ld+json\" class=\"yoast-schema-graph\">{\"@context\":\"https:\/\/schema.org\",\"@graph\":[{\"@type\":\"WebPage\",\"@id\":\"https:\/\/chenabogados.com\/apoyo-en-derecho-administrativo\/\",\"url\":\"https:\/\/chenabogados.com\/apoyo-en-derecho-administrativo\/\",\"name\":\"Apoyo en Derecho Administrativo - Chen Abogados\",\"isPartOf\":{\"@id\":\"https:\/\/chenabogados.com\/#website\"},\"datePublished\":\"2026-02-23T09:24:28+00:00\",\"dateModified\":\"2026-02-23T09:24:32+00:00\",\"breadcrumb\":{\"@id\":\"https:\/\/chenabogados.com\/apoyo-en-derecho-administrativo\/#breadcrumb\"},\"inLanguage\":\"en-GB\",\"potentialAction\":[{\"@type\":\"ReadAction\",\"target\":[\"https:\/\/chenabogados.com\/apoyo-en-derecho-administrativo\/\"]}]},{\"@type\":\"BreadcrumbList\",\"@id\":\"https:\/\/chenabogados.com\/apoyo-en-derecho-administrativo\/#breadcrumb\",\"itemListElement\":[{\"@type\":\"ListItem\",\"position\":1,\"name\":\"Home\",\"item\":\"https:\/\/chenabogados.com\/\"},{\"@type\":\"ListItem\",\"position\":2,\"name\":\"Apoyo en Derecho Administrativo\"}]},{\"@type\":\"WebSite\",\"@id\":\"https:\/\/chenabogados.com\/#website\",\"url\":\"https:\/\/chenabogados.com\/\",\"name\":\"Chen Abogados\",\"description\":\"\",\"potentialAction\":[{\"@type\":\"SearchAction\",\"target\":{\"@type\":\"EntryPoint\",\"urlTemplate\":\"https:\/\/chenabogados.com\/?s={search_term_string}\"},\"query-input\":{\"@type\":\"PropertyValueSpecification\",\"valueRequired\":true,\"valueName\":\"search_term_string\"}}],\"inLanguage\":\"en-GB\"}]}<\/script>\n<!-- \/ Yoast SEO plugin. -->","yoast_head_json":{"title":"Apoyo en Derecho Administrativo - Chen Abogados","robots":{"index":"index","follow":"follow","max-snippet":"max-snippet:-1","max-image-preview":"max-image-preview:large","max-video-preview":"max-video-preview:-1"},"canonical":"https:\/\/chenabogados.com\/en\/apoyo-en-derecho-administrativo\/","og_locale":"en_GB","og_type":"article","og_title":"Apoyo en Derecho Administrativo - Chen Abogados","og_url":"https:\/\/chenabogados.com\/en\/apoyo-en-derecho-administrativo\/","og_site_name":"Chen Abogados","article_modified_time":"2026-02-23T09:24:32+00:00","twitter_card":"summary_large_image","schema":{"@context":"https:\/\/schema.org","@graph":[{"@type":"WebPage","@id":"https:\/\/chenabogados.com\/apoyo-en-derecho-administrativo\/","url":"https:\/\/chenabogados.com\/apoyo-en-derecho-administrativo\/","name":"Apoyo en Derecho Administrativo - Chen Abogados","isPartOf":{"@id":"https:\/\/chenabogados.com\/#website"},"datePublished":"2026-02-23T09:24:28+00:00","dateModified":"2026-02-23T09:24:32+00:00","breadcrumb":{"@id":"https:\/\/chenabogados.com\/apoyo-en-derecho-administrativo\/#breadcrumb"},"inLanguage":"en-GB","potentialAction":[{"@type":"ReadAction","target":["https:\/\/chenabogados.com\/apoyo-en-derecho-administrativo\/"]}]},{"@type":"BreadcrumbList","@id":"https:\/\/chenabogados.com\/apoyo-en-derecho-administrativo\/#breadcrumb","itemListElement":[{"@type":"ListItem","position":1,"name":"Home","item":"https:\/\/chenabogados.com\/"},{"@type":"ListItem","position":2,"name":"Apoyo en Derecho Administrativo"}]},{"@type":"WebSite","@id":"https:\/\/chenabogados.com\/#website","url":"https:\/\/chenabogados.com\/","name":"Chen Abogados","description":"","potentialAction":[{"@type":"SearchAction","target":{"@type":"EntryPoint","urlTemplate":"https:\/\/chenabogados.com\/?s={search_term_string}"},"query-input":{"@type":"PropertyValueSpecification","valueRequired":true,"valueName":"search_term_string"}}],"inLanguage":"en-GB"}]}},"_links":{"self":[{"href":"https:\/\/chenabogados.com\/en\/wp-json\/wp\/v2\/pages\/232","targetHints":{"allow":["GET"]}}],"collection":[{"href":"https:\/\/chenabogados.com\/en\/wp-json\/wp\/v2\/pages"}],"about":[{"href":"https:\/\/chenabogados.com\/en\/wp-json\/wp\/v2\/types\/page"}],"replies":[{"embeddable":true,"href":"https:\/\/chenabogados.com\/en\/wp-json\/wp\/v2\/comments?post=232"}],"version-history":[{"count":0,"href":"https:\/\/chenabogados.com\/en\/wp-json\/wp\/v2\/pages\/232\/revisions"}],"wp:attachment":[{"href":"https:\/\/chenabogados.com\/en\/wp-json\/wp\/v2\/media?parent=232"}],"curies":[{"name":"wp","href":"https:\/\/api.w.org\/{rel}","templated":true}]}}